{"id":3672,"date":"2025-11-17T10:13:30","date_gmt":"2025-11-17T10:13:30","guid":{"rendered":"https:\/\/shop.variatel.de\/?post_type=product&#038;p=3672"},"modified":"2025-11-17T10:15:58","modified_gmt":"2025-11-17T10:15:58","slug":"pachet-de-pornire-cu-credit-de-10e-sim-fizic-copy","status":"publish","type":"product","link":"https:\/\/shop.variatel.de\/?product=pachet-de-pornire-cu-credit-de-10e-sim-fizic-copy&lang=ro","title":{"rendered":"Pachet de pornire cu credit de 10\u20ac &#8211; SIM fizic (Copy)"},"content":{"rendered":"<p>Un roman de spionaj de succes sau o scrisoare de dragoste? Orice scrii folosind aceast\u0103 ma\u0219in\u0103 de scris de epoc\u0103 din anii &#8217;20 este menit s\u0103 lase o urm\u0103. <\/p>\n","protected":false},"excerpt":{"rendered":"<p><strong data-start=\"57\" data-end=\"77\"> <\/strong><\/p>\n<ul>\n<li data-start=\"111\" data-end=\"227\">\n<p data-start=\"113\" data-end=\"227\"><strong data-start=\"113\" data-end=\"138\">7,50 \u20ac credit ini\u021bial<\/strong><br data-start=\"138\" data-end=\"141\">Cartela dvs. SIM este pre\u00eenc\u0103rcat\u0103 cu un sold ini\u021bial de 7,50 \u20ac &#8211; gata de utilizare imediat.<\/p>\n<\/li>\n<li data-start=\"229\" data-end=\"346\">\n<p data-start=\"231\" data-end=\"346\"><strong data-start=\"231\" data-end=\"262\">Bonus de 2,50 \u20ac la prima re\u00eenc\u0103rcare<\/strong><br data-start=\"262\" data-end=\"265\">Ob\u021bine\u021bi un bonus de 2,50 \u20ac la prima re\u00eenc\u0103rcare &#8211; mai mult\u0103 valoare f\u0103r\u0103 costuri suplimentare.<\/p>\n<\/li>\n<li data-start=\"348\" data-end=\"630\">\n<p data-start=\"350\" data-end=\"630\"><strong data-start=\"350\" data-end=\"377\">Op\u021biuni flexibile de re\u00eenc\u0103rcare<\/strong><br data-start=\"377\" data-end=\"380\">Re\u00eenc\u0103rca\u021bi-v\u0103 u\u0219or cu cardurile de re\u00eenc\u0103rcare Variatel disponibile la Rewe, Penny, chio\u0219curi, call shop-uri, internet cafe-uri \u0219i la toate sucursalele Deutsche Post. Prefera\u021bi online? Re\u00eenc\u0103rca\u021bi oric\u00e2nd la <a class=\"\" href=\"http:\/\/www.variatel.de\" target=\"_new\" rel=\"noopener\" data-start=\"552\" data-end=\"593\">www.variatel.de<\/a> folosind PayPal, cardul de debit sau de credit.  <\/p>\n<\/li>\n<li data-start=\"632\" data-end=\"742\">\n<p data-start=\"634\" data-end=\"742\"><strong data-start=\"634\" data-end=\"668\">F\u0103r\u0103 contract &#8211; Flexibilitate total\u0103<\/strong><br data-start=\"668\" data-end=\"671\">Bucura\u021bi-v\u0103 de libertate total\u0103, f\u0103r\u0103 contracte obligatorii sau obliga\u021bii pe termen lung.<\/p>\n<\/li>\n<li data-start=\"744\" data-end=\"858\">\n<p data-start=\"746\" data-end=\"858\"><strong data-start=\"746\" data-end=\"771\">Control complet al costurilor<\/strong><br data-start=\"771\" data-end=\"774\">Controla\u021bi \u00eentotdeauna utilizarea \u0219i cheltuielile &#8211; f\u0103r\u0103 surprize, doar transparen\u021b\u0103.<\/p>\n<\/li>\n<\/ul>\n","protected":false},"featured_media":2362,"template":"","meta":{"_acf_changed":false},"product_brand":[27],"product_cat":[264,259,261],"product_tag":[251,243],"class_list":{"0":"post-3672","1":"product","2":"type-product","3":"status-publish","4":"has-post-thumbnail","6":"product_brand-variatel-mobile-plans","7":"product_cat-mymemory-warning-you-used-all-available-free-translations-for-today-next-available-in-07-hours-21-minutes-43-seconds-visit-https-mymemory-translated-net-doc-usagelimits-php-to-translate-more","8":"product_cat-sim-ro","9":"product_cat-toate","10":"product_tag-10e-balance-ro","11":"product_tag-sim-ro","12":"product_shipping_class-cartela-sim-postala","14":"first","15":"instock","16":"sale","17":"sold-individually","18":"taxable","19":"shipping-taxable","20":"purchasable","21":"product-type-simple"},"acf":[],"_links":{"self":[{"href":"https:\/\/shop.variatel.de\/index.php?rest_route=\/wp\/v2\/product\/3672","targetHints":{"allow":["GET"]}}],"collection":[{"href":"https:\/\/shop.variatel.de\/index.php?rest_route=\/wp\/v2\/product"}],"about":[{"href":"https:\/\/shop.variatel.de\/index.php?rest_route=\/wp\/v2\/types\/product"}],"version-history":[{"count":1,"href":"https:\/\/shop.variatel.de\/index.php?rest_route=\/wp\/v2\/product\/3672\/revisions"}],"predecessor-version":[{"id":3677,"href":"https:\/\/shop.variatel.de\/index.php?rest_route=\/wp\/v2\/product\/3672\/revisions\/3677"}],"wp:featuredmedia":[{"embeddable":true,"href":"https:\/\/shop.variatel.de\/index.php?rest_route=\/wp\/v2\/media\/2362"}],"wp:attachment":[{"href":"https:\/\/shop.variatel.de\/index.php?rest_route=%2Fwp%2Fv2%2Fmedia&parent=3672"}],"wp:term":[{"taxonomy":"product_brand","embeddable":true,"href":"https:\/\/shop.variatel.de\/index.php?rest_route=%2Fwp%2Fv2%2Fproduct_brand&post=3672"},{"taxonomy":"product_cat","embeddable":true,"href":"https:\/\/shop.variatel.de\/index.php?rest_route=%2Fwp%2Fv2%2Fproduct_cat&post=3672"},{"taxonomy":"product_tag","embeddable":true,"href":"https:\/\/shop.variatel.de\/index.php?rest_route=%2Fwp%2Fv2%2Fproduct_tag&post=3672"}],"curies":[{"name":"wp","href":"https:\/\/api.w.org\/{rel}","templated":true}]}}