{"id":2961,"date":"2025-07-03T10:35:12","date_gmt":"2025-07-03T10:35:12","guid":{"rendered":"https:\/\/shop.variatel.de\/?product=varia-l-sim"},"modified":"2025-07-29T02:28:18","modified_gmt":"2025-07-29T02:28:18","slug":"varia-l-sim","status":"publish","type":"product","link":"https:\/\/shop.variatel.de\/?product=varia-l-sim&lang=pl","title":{"rendered":"Varia L \u2013 SIM"},"content":{"rendered":"<p>Hitowa powie\u015b\u0107 szpiegowska czy list mi\u0142osny? Wszystko, co napiszesz na tej zabytkowej maszynie do pisania z lat 20., z pewno\u015bci\u0105 zrobi wra\u017cenie. <\/p>\n","protected":false},"excerpt":{"rendered":"<ul>\n<li data-start=\"99\" data-end=\"235\"><strong data-start=\"99\" data-end=\"141\">Plan bestseller\u00f3w 19,99 \u20ac \u2013 maksymalna warto\u015b\u0107<\/strong><br data-start=\"141\" data-end=\"144\">Nasz najpopularniejszy plan! Mn\u00f3stwo danych, minut i elastyczno\u015bci \u2014 a wszystko to bez umowy. <\/li>\n<li data-start=\"237\" data-end=\"403\"><strong data-start=\"237\" data-end=\"274\">36 GB + do 54 GB Bonus lojalno\u015bciowy<\/strong><br data-start=\"274\" data-end=\"277\">Zacznij od 36 GB szybkiej transmisji danych 5G (do 50 Mbit\/s), a z czasem zyskaj do <strong data-start=\"358\" data-end=\"367\">54 GB<\/strong> jako <strong data-start=\"373\" data-end=\"392\">nagrod\u0119 lojalno\u015bciow\u0105\u00b9<\/strong> .<\/li>\n<li data-start=\"405\" data-end=\"537\"><strong data-start=\"405\" data-end=\"436\">300 minut do kraj\u00f3w UE<\/strong><br data-start=\"436\" data-end=\"439\">Obejmuje 300 minut podr\u00f3\u017cy z Niemiec do 30 kraj\u00f3w UE \u2013 idealne rozwi\u0105zanie, aby pozosta\u0107 w kontakcie w ca\u0142ej Europie.<\/li>\n<li data-start=\"539\" data-end=\"659\"><strong data-start=\"539\" data-end=\"576\">200 minut do 35 dodatkowych kraj\u00f3w<\/strong><br data-start=\"576\" data-end=\"579\">Obejmuje r\u00f3wnie\u017c 200 minut mi\u0119dzynarodowych z Niemiec do 35 dodatkowych kraj\u00f3w.<\/li>\n<li data-start=\"661\" data-end=\"764\"><strong data-start=\"661\" data-end=\"695\">Nielimitowane rozmowy na terenie Niemiec<\/strong><br data-start=\"695\" data-end=\"698\">Korzystaj z <strong data-start=\"707\" data-end=\"722\">Allnet Flat<\/strong> \u2013 nielimitowanych po\u0142\u0105cze\u0144 ze wszystkimi niemieckimi sieciami.<\/li>\n<li data-start=\"766\" data-end=\"854\"><strong data-start=\"766\" data-end=\"789\">Roaming w UE wliczony w cen\u0119<\/strong><br data-start=\"789\" data-end=\"792\">Podr\u00f3\u017cuj swobodnie i pozosta\u0144 w kontakcie w UE \u2013 bez dodatkowych koszt\u00f3w.<\/li>\n<li data-start=\"856\" data-end=\"985\"><strong data-start=\"856\" data-end=\"889\">Po\u0142\u0105czenia VoLTE i Wi-Fi w cenie<\/strong><br data-start=\"889\" data-end=\"892\">Ciesz si\u0119 wyra\u017an\u0105 jako\u015bci\u0105 g\u0142osu nawet przy s\u0142abym sygnale sieci kom\u00f3rkowej \u2013 dzi\u0119ki VoLTE i WiFi Calling.<\/li>\n<li data-start=\"987\" data-end=\"1093\"><strong data-start=\"987\" data-end=\"1019\">Bez kontraktu \u2013 pe\u0142na kontrola<\/strong><br data-start=\"1019\" data-end=\"1022\">Bez zobowi\u0105za\u0144. Brak ukrytych op\u0142at. Po prostu prosta, elastyczna us\u0142uga mobilna.  <\/li>\n<li data-start=\"1095\" data-end=\"1175\"><strong data-start=\"1095\" data-end=\"1114\">\u0141atwa aktywacja<\/strong><br data-start=\"1114\" data-end=\"1117\">Aktywuj plan w dowolnym momencie, dzwoni\u0105c pod numer:<br data-start=\"1154\" data-end=\"1157\"><strong data-start=\"1157\" data-end=\"1175\">*130*102# \ud83d\udcde<\/strong><\/li>\n<\/ul>\n","protected":false},"featured_media":2966,"template":"","meta":{"_acf_changed":false},"product_brand":[27],"product_cat":[275,265,266],"product_tag":[246,242,238],"class_list":{"0":"post-2961","1":"product","2":"type-product","3":"status-publish","4":"has-post-thumbnail","6":"product_brand-variatel-mobile-plans","7":"product_cat-pakiet","8":"product_cat-sim-pl","9":"product_cat-wszystkie","10":"product_tag-bundle-pl","11":"product_tag-sim-pl","12":"product_tag-varia-l-pl","13":"product_shipping_class-postal-sim","15":"first","16":"instock","17":"sold-individually","18":"taxable","19":"shipping-taxable","20":"purchasable","21":"product-type-simple"},"acf":[],"_links":{"self":[{"href":"https:\/\/shop.variatel.de\/index.php?rest_route=\/wp\/v2\/product\/2961","targetHints":{"allow":["GET"]}}],"collection":[{"href":"https:\/\/shop.variatel.de\/index.php?rest_route=\/wp\/v2\/product"}],"about":[{"href":"https:\/\/shop.variatel.de\/index.php?rest_route=\/wp\/v2\/types\/product"}],"version-history":[{"count":1,"href":"https:\/\/shop.variatel.de\/index.php?rest_route=\/wp\/v2\/product\/2961\/revisions"}],"predecessor-version":[{"id":2965,"href":"https:\/\/shop.variatel.de\/index.php?rest_route=\/wp\/v2\/product\/2961\/revisions\/2965"}],"wp:featuredmedia":[{"embeddable":true,"href":"https:\/\/shop.variatel.de\/index.php?rest_route=\/wp\/v2\/media\/2966"}],"wp:attachment":[{"href":"https:\/\/shop.variatel.de\/index.php?rest_route=%2Fwp%2Fv2%2Fmedia&parent=2961"}],"wp:term":[{"taxonomy":"product_brand","embeddable":true,"href":"https:\/\/shop.variatel.de\/index.php?rest_route=%2Fwp%2Fv2%2Fproduct_brand&post=2961"},{"taxonomy":"product_cat","embeddable":true,"href":"https:\/\/shop.variatel.de\/index.php?rest_route=%2Fwp%2Fv2%2Fproduct_cat&post=2961"},{"taxonomy":"product_tag","embeddable":true,"href":"https:\/\/shop.variatel.de\/index.php?rest_route=%2Fwp%2Fv2%2Fproduct_tag&post=2961"}],"curies":[{"name":"wp","href":"https:\/\/api.w.org\/{rel}","templated":true}]}}