{"id":2944,"date":"2025-07-03T10:34:32","date_gmt":"2025-07-03T10:34:32","guid":{"rendered":"https:\/\/shop.variatel.de\/?product=varia-m-sim"},"modified":"2025-07-29T02:28:12","modified_gmt":"2025-07-29T02:28:12","slug":"varia-m-sim","status":"publish","type":"product","link":"https:\/\/shop.variatel.de\/?product=varia-m-sim&lang=pl","title":{"rendered":"Varia M \u2013 SIM"},"content":{"rendered":"<p>Hitowa powie\u015b\u0107 szpiegowska czy list mi\u0142osny? Wszystko, co napiszesz na tej zabytkowej maszynie do pisania z lat 20., z pewno\u015bci\u0105 zrobi wra\u017cenie. <\/p>\n","protected":false},"excerpt":{"rendered":"<ul>\n<li data-start=\"88\" data-end=\"203\"><strong data-start=\"88\" data-end=\"123\">Plan 14,99 \u20ac \u2013 pe\u0142en warto\u015bci<\/strong><br data-start=\"123\" data-end=\"126\">Ciesz si\u0119 wi\u0119ksz\u0105 ilo\u015bci\u0105 danych, wi\u0119ksz\u0105 liczb\u0105 minut i pe\u0142n\u0105 elastyczno\u015bci\u0105 \u2013 a wszystko to bez umowy.<\/li>\n<li data-start=\"205\" data-end=\"380\"><strong data-start=\"205\" data-end=\"242\">22 GB + do 33 GB Bonus lojalno\u015bciowy<\/strong><br data-start=\"242\" data-end=\"245\">Zacznij od 22 GB szybkiej transmisji danych 5G (do 50 Mbit\/s) \u2013 i odblokuj do <strong data-start=\"321\" data-end=\"330\">33 GB<\/strong> dzi\u0119ki naszej <strong data-start=\"340\" data-end=\"359\">nagrodzie lojalno\u015bciowej\u00b9<\/strong> , im d\u0142u\u017cej zostajesz.<\/li>\n<li data-start=\"382\" data-end=\"477\"><strong data-start=\"382\" data-end=\"413\">150 minut do kraj\u00f3w UE<\/strong><br data-start=\"413\" data-end=\"416\">Dzwo\u0144 z Niemiec do 30 kraj\u00f3w UE \u2013 w ramach Twojego planu.<\/li>\n<li data-start=\"479\" data-end=\"602\"><strong data-start=\"479\" data-end=\"516\">100 minut do 35 dodatkowych kraj\u00f3w<\/strong><br data-start=\"516\" data-end=\"519\">Obejmuje r\u00f3wnie\u017c 100 minut z Niemiec do 35 dodatkowych mi\u0119dzynarodowych miejsc docelowych.<\/li>\n<li data-start=\"604\" data-end=\"720\"><strong data-start=\"604\" data-end=\"638\">Nielimitowane rozmowy na terenie Niemiec<\/strong><br data-start=\"638\" data-end=\"641\">Korzystaj z <strong data-start=\"650\" data-end=\"665\">Allnet Flat<\/strong> do wszystkich sieci w Niemczech \u2013 m\u00f3w tyle, ile chcesz.<\/li>\n<li data-start=\"722\" data-end=\"808\"><strong data-start=\"722\" data-end=\"745\">Roaming w UE wliczony w cen\u0119<\/strong><br data-start=\"745\" data-end=\"748\">Pozosta\u0144 w kontakcie podczas podr\u00f3\u017cy po UE \u2013 bez dodatkowych koszt\u00f3w.<\/li>\n<li data-start=\"810\" data-end=\"918\"><strong data-start=\"810\" data-end=\"843\">Po\u0142\u0105czenia VoLTE i Wi-Fi w cenie<\/strong><br data-start=\"843\" data-end=\"846\">Ciesz si\u0119 krystalicznie czyst\u0105 jako\u015bci\u0105 g\u0142osu, nawet w miejscach o s\u0142abym sygnale kom\u00f3rkowym.<\/li>\n<li data-start=\"920\" data-end=\"1019\"><strong data-start=\"920\" data-end=\"951\">Brak umowy \u2013 ca\u0142kowita swoboda<\/strong><br data-start=\"951\" data-end=\"954\">Brak d\u0142ugoterminowych zobowi\u0105za\u0144 i ukrytych op\u0142at. Zawsze masz wszystko pod kontrol\u0105. <\/li>\n<li data-start=\"1021\" data-end=\"1102\"><strong data-start=\"1021\" data-end=\"1040\">\u0141atwa aktywacja<\/strong><br data-start=\"1040\" data-end=\"1043\">Aktywuj ten plan w dowolnym momencie, dzwoni\u0105c pod numer:<br data-start=\"1081\" data-end=\"1084\"><strong data-start=\"1084\" data-end=\"1102\">*130*101# \ud83d\udcde<\/strong><\/li>\n<li data-start=\"348\" data-end=\"630\">\n<p data-start=\"350\" data-end=\"630\"><strong data-start=\"350\" data-end=\"377\">Elastyczne opcje do\u0142adowa\u0144<\/strong><br data-start=\"377\" data-end=\"380\">Do\u0142adowuj z \u0142atwo\u015bci\u0105 za pomoc\u0105 kart do\u0142adowuj\u0105cych Variatel dost\u0119pnych w Rewe, Penny, kioskach, punktach telefonicznych, kafejkach internetowych i we wszystkich oddzia\u0142ach Deutsche Post. Wolisz online? Do\u0142aduj konto w dowolnym momencie <a class=\"\" href=\"http:\/\/www.variatel.de\" target=\"_new\" rel=\"noopener\" data-start=\"552\" data-end=\"593\">www.variatel.de<\/a> za pomoc\u0105 karty PayPal, debetowej lub kredytowej.  <\/p>\n<\/li>\n<li data-start=\"632\" data-end=\"742\">\n<p data-start=\"634\" data-end=\"742\"><strong data-start=\"634\" data-end=\"668\">Brak umowy \u2013 pe\u0142na elastyczno\u015b\u0107<\/strong><br data-start=\"668\" data-end=\"671\">Ciesz si\u0119 ca\u0142kowit\u0105 swobod\u0105, bez wi\u0105\u017c\u0105cej umowy i d\u0142ugoterminowych zobowi\u0105za\u0144.<\/p>\n<\/li>\n<li data-start=\"744\" data-end=\"858\">\n<p data-start=\"746\" data-end=\"858\"><strong data-start=\"746\" data-end=\"771\">Pe\u0142na kontrola koszt\u00f3w<\/strong><br data-start=\"771\" data-end=\"774\">Zawsze miej kontrol\u0119 nad swoim u\u017cytkowaniem i wydatkami \u2014 bez niespodzianek, tylko przejrzysto\u015b\u0107.<\/p>\n<\/li>\n<\/ul>\n","protected":false},"featured_media":2947,"template":"","meta":{"_acf_changed":false},"product_brand":[27],"product_cat":[275,265,266],"product_tag":[246,214,234],"class_list":{"0":"post-2944","1":"product","2":"type-product","3":"status-publish","4":"has-post-thumbnail","6":"product_brand-variatel-mobile-plans","7":"product_cat-pakiet","8":"product_cat-sim-pl","9":"product_cat-wszystkie","10":"product_tag-bundle-pl","11":"product_tag-esim-pl","12":"product_tag-varia-m-pl","13":"product_shipping_class-postal-sim","15":"first","16":"instock","17":"sold-individually","18":"taxable","19":"shipping-taxable","20":"purchasable","21":"product-type-simple"},"acf":[],"_links":{"self":[{"href":"https:\/\/shop.variatel.de\/index.php?rest_route=\/wp\/v2\/product\/2944","targetHints":{"allow":["GET"]}}],"collection":[{"href":"https:\/\/shop.variatel.de\/index.php?rest_route=\/wp\/v2\/product"}],"about":[{"href":"https:\/\/shop.variatel.de\/index.php?rest_route=\/wp\/v2\/types\/product"}],"version-history":[{"count":1,"href":"https:\/\/shop.variatel.de\/index.php?rest_route=\/wp\/v2\/product\/2944\/revisions"}],"predecessor-version":[{"id":2946,"href":"https:\/\/shop.variatel.de\/index.php?rest_route=\/wp\/v2\/product\/2944\/revisions\/2946"}],"wp:featuredmedia":[{"embeddable":true,"href":"https:\/\/shop.variatel.de\/index.php?rest_route=\/wp\/v2\/media\/2947"}],"wp:attachment":[{"href":"https:\/\/shop.variatel.de\/index.php?rest_route=%2Fwp%2Fv2%2Fmedia&parent=2944"}],"wp:term":[{"taxonomy":"product_brand","embeddable":true,"href":"https:\/\/shop.variatel.de\/index.php?rest_route=%2Fwp%2Fv2%2Fproduct_brand&post=2944"},{"taxonomy":"product_cat","embeddable":true,"href":"https:\/\/shop.variatel.de\/index.php?rest_route=%2Fwp%2Fv2%2Fproduct_cat&post=2944"},{"taxonomy":"product_tag","embeddable":true,"href":"https:\/\/shop.variatel.de\/index.php?rest_route=%2Fwp%2Fv2%2Fproduct_tag&post=2944"}],"curies":[{"name":"wp","href":"https:\/\/api.w.org\/{rel}","templated":true}]}}