{"id":2830,"date":"2025-07-03T08:41:50","date_gmt":"2025-07-03T08:41:50","guid":{"rendered":"https:\/\/shop.variatel.de\/?product=varia-xxl-karta-esim"},"modified":"2025-07-29T02:30:02","modified_gmt":"2025-07-29T02:30:02","slug":"varia-xxl-karta-esim","status":"publish","type":"product","link":"https:\/\/shop.variatel.de\/?product=varia-xxl-karta-esim&lang=pl","title":{"rendered":"Varia XXL \u2013 karta eSIM"},"content":{"rendered":"<p>Przebojowa powie\u015b\u0107 szpiegowska czy list mi\u0142osny? Wszystko, co napiszesz za pomoc\u0105 tej zabytkowej maszyny do pisania z lat 20., z pewno\u015bci\u0105 pozostawi \u015blad. <\/p>\n","protected":false},"excerpt":{"rendered":"<ul>\n<li data-start=\"73\" data-end=\"210\"><strong data-start=\"73\" data-end=\"114\">Plan 29,99 \u20ac \u2013 najwy\u017csza wolno\u015b\u0107 i dane<\/strong><br data-start=\"114\" data-end=\"117\">Plan premium z ogromnymi danymi i minutami mi\u0119dzynarodowymi \u2013 bez umowy, pe\u0142na elastyczno\u015b\u0107.<\/li>\n<li data-start=\"212\" data-end=\"388\"><strong data-start=\"212\" data-end=\"250\">74 GB + do 111 GB Bonus lojalno\u015bciowy<\/strong><br data-start=\"250\" data-end=\"253\">Zacznij od 74 GB niesamowicie szybkich danych 5G (do 50 Mbit\/s) \u2013 i zyskaj do <strong data-start=\"328\" data-end=\"338\">111 GB<\/strong> dzi\u0119ki <strong data-start=\"348\" data-end=\"367\">naszej nagrodzie lojalno\u015bciowej\u00b9<\/strong> , im d\u0142u\u017cej zostajesz.<\/li>\n<li data-start=\"390\" data-end=\"516\"><strong data-start=\"390\" data-end=\"421\">500 minut do kraj\u00f3w UE<\/strong><br data-start=\"421\" data-end=\"424\">Obejmuje 500 minut lotu z Niemiec do 30 kraj\u00f3w UE \u2013 idealne rozwi\u0105zanie do prowadzenia intensywnych po\u0142\u0105cze\u0144 europejskich.<\/li>\n<li data-start=\"518\" data-end=\"641\"><strong data-start=\"518\" data-end=\"555\">500 minut do 35 dodatkowych kraj\u00f3w<\/strong><br data-start=\"555\" data-end=\"558\">Obejmuje r\u00f3wnie\u017c 500 minut z Niemiec do 35 dodatkowych mi\u0119dzynarodowych miejsc docelowych.<\/li>\n<li data-start=\"643\" data-end=\"747\"><strong data-start=\"643\" data-end=\"677\">Nielimitowane rozmowy na terenie Niemiec<\/strong><br data-start=\"677\" data-end=\"680\"><strong data-start=\"680\" data-end=\"695\">Allnet Flat<\/strong> \u2013 ciesz si\u0119 nielimitowanymi po\u0142\u0105czeniami ze wszystkimi sieciami w Niemczech.<\/li>\n<li data-start=\"749\" data-end=\"840\"><strong data-start=\"749\" data-end=\"772\">Roaming w UE wliczony w cen\u0119<\/strong><br data-start=\"772\" data-end=\"775\">Korzystaj ze swobodnych roamingu po ca\u0142ej UE \u2013 pozosta\u0144 w kontakcie bez dodatkowych op\u0142at.<\/li>\n<li data-start=\"842\" data-end=\"976\"><strong data-start=\"842\" data-end=\"875\">Po\u0142\u0105czenia VoLTE i Wi-Fi w cenie<\/strong><br data-start=\"875\" data-end=\"878\">Ciesz si\u0119 najwy\u017csz\u0105 jako\u015bci\u0105 po\u0142\u0105cze\u0144 nawet w miejscach o s\u0142abym zasi\u0119gu \u2013 dzi\u0119ki VoLTE i WiFi Calling.<\/li>\n<li data-start=\"1070\" data-end=\"1151\"><strong data-start=\"1070\" data-end=\"1089\">\u0141atwa aktywacja<\/strong><br data-start=\"1089\" data-end=\"1092\">Aktywuj sw\u00f3j plan w dowolnym momencie, dzwoni\u0105c pod numer:<br data-start=\"1130\" data-end=\"1133\"><strong data-start=\"1133\" data-end=\"1151\">*130*104# \ud83d\udcde<\/strong><\/li>\n<li data-start=\"1153\" data-end=\"1238\"><strong data-start=\"1153\" data-end=\"1163\">Premia:<\/strong><br data-start=\"1163\" data-end=\"1166\">Obejmuje <strong data-start=\"1178\" data-end=\"1199\">dodatkowe 100 minut<\/strong> z Niemiec do jeszcze wi\u0119kszej liczby kraj\u00f3w.**<\/li>\n<li data-start=\"350\" data-end=\"630\"><strong data-start=\"350\" data-end=\"377\">Elastyczne opcje do\u0142adowa\u0144<\/strong><br data-start=\"377\" data-end=\"380\">Do\u0142adowuj z \u0142atwo\u015bci\u0105 za pomoc\u0105 kart do\u0142adowuj\u0105cych Variatel dost\u0119pnych w Rewe, Penny, kioskach, punktach telefonicznych, kafejkach internetowych i we wszystkich oddzia\u0142ach Deutsche Post. Wolisz online? Do\u0142aduj konto w dowolnym momencie <a class=\"\" href=\"http:\/\/www.variatel.de\" target=\"_new\" rel=\"noopener\" data-start=\"552\" data-end=\"593\">www.variatel.de<\/a> za pomoc\u0105 karty PayPal, debetowej lub kredytowej.  <\/li>\n<li data-start=\"634\" data-end=\"742\"><strong data-start=\"634\" data-end=\"668\">Brak umowy \u2013 pe\u0142na elastyczno\u015b\u0107<\/strong><br data-start=\"668\" data-end=\"671\">Ciesz si\u0119 ca\u0142kowit\u0105 swobod\u0105, bez wi\u0105\u017c\u0105cej umowy i d\u0142ugoterminowych zobowi\u0105za\u0144.<\/li>\n<li data-start=\"634\" data-end=\"742\"><strong data-start=\"746\" data-end=\"771\">Pe\u0142na kontrola koszt\u00f3w<\/strong><br data-start=\"771\" data-end=\"774\">Zawsze miej kontrol\u0119 nad swoim u\u017cytkowaniem i wydatkami \u2014 bez niespodzianek, tylko przejrzysto\u015b\u0107.<\/li>\n<\/ul>\n","protected":false},"featured_media":2835,"template":"","meta":{"_acf_changed":false},"product_brand":[27],"product_cat":[274,275,266],"product_tag":[246,214,222],"class_list":{"0":"post-2830","1":"product","2":"type-product","3":"status-publish","4":"has-post-thumbnail","6":"product_brand-variatel-mobile-plans","7":"product_cat-karta-graficzna-esim","8":"product_cat-pakiet","9":"product_cat-wszystkie","10":"product_tag-bundle-pl","11":"product_tag-esim-pl","12":"product_tag-varia-xxl-pl","13":"product_shipping_class-postal-sim","15":"first","16":"instock","17":"sold-individually","18":"taxable","19":"shipping-taxable","20":"purchasable","21":"product-type-simple"},"acf":[],"_links":{"self":[{"href":"https:\/\/shop.variatel.de\/index.php?rest_route=\/wp\/v2\/product\/2830","targetHints":{"allow":["GET"]}}],"collection":[{"href":"https:\/\/shop.variatel.de\/index.php?rest_route=\/wp\/v2\/product"}],"about":[{"href":"https:\/\/shop.variatel.de\/index.php?rest_route=\/wp\/v2\/types\/product"}],"version-history":[{"count":2,"href":"https:\/\/shop.variatel.de\/index.php?rest_route=\/wp\/v2\/product\/2830\/revisions"}],"predecessor-version":[{"id":3000,"href":"https:\/\/shop.variatel.de\/index.php?rest_route=\/wp\/v2\/product\/2830\/revisions\/3000"}],"wp:featuredmedia":[{"embeddable":true,"href":"https:\/\/shop.variatel.de\/index.php?rest_route=\/wp\/v2\/media\/2835"}],"wp:attachment":[{"href":"https:\/\/shop.variatel.de\/index.php?rest_route=%2Fwp%2Fv2%2Fmedia&parent=2830"}],"wp:term":[{"taxonomy":"product_brand","embeddable":true,"href":"https:\/\/shop.variatel.de\/index.php?rest_route=%2Fwp%2Fv2%2Fproduct_brand&post=2830"},{"taxonomy":"product_cat","embeddable":true,"href":"https:\/\/shop.variatel.de\/index.php?rest_route=%2Fwp%2Fv2%2Fproduct_cat&post=2830"},{"taxonomy":"product_tag","embeddable":true,"href":"https:\/\/shop.variatel.de\/index.php?rest_route=%2Fwp%2Fv2%2Fproduct_tag&post=2830"}],"curies":[{"name":"wp","href":"https:\/\/api.w.org\/{rel}","templated":true}]}}