{"id":2829,"date":"2025-07-03T08:42:46","date_gmt":"2025-07-03T08:42:46","guid":{"rendered":"https:\/\/shop.variatel.de\/?product=varia-xl-karta-esim"},"modified":"2025-07-29T02:26:21","modified_gmt":"2025-07-29T02:26:21","slug":"varia-xl-karta-esim","status":"publish","type":"product","link":"https:\/\/shop.variatel.de\/?product=varia-xl-karta-esim&lang=pl","title":{"rendered":"Varia XL \u2013 karta eSIM"},"content":{"rendered":"<p>Hitowa powie\u015b\u0107 szpiegowska czy list mi\u0142osny? Wszystko, co napiszesz na tej zabytkowej maszynie do pisania z lat 20., z pewno\u015bci\u0105 zrobi wra\u017cenie. <\/p>\n","protected":false},"excerpt":{"rendered":"<ul>\n<li data-start=\"71\" data-end=\"217\"><strong data-start=\"71\" data-end=\"116\">Plan 24,99 \u20ac \u2013 maksimum danych, ca\u0142kowita swoboda<\/strong><br data-start=\"116\" data-end=\"119\">Dla zaawansowanych u\u017cytkownik\u00f3w, kt\u00f3rzy chc\u0105 mie\u0107 wszystko: wi\u0119cej danych, wi\u0119cej minut i pe\u0142n\u0105 elastyczno\u015b\u0107 bez umowy.<\/li>\n<li data-start=\"219\" data-end=\"379\"><strong data-start=\"219\" data-end=\"256\">46 GB + do 69 GB Bonus lojalno\u015bciowy<\/strong><br data-start=\"256\" data-end=\"259\">Zacznij od 46 GB danych 5G (do 50 Mbit\/s) i z czasem odblokuj do <strong data-start=\"330\" data-end=\"339\">69 GB<\/strong> dzi\u0119ki naszej <strong data-start=\"349\" data-end=\"368\">nagrodzie lojalno\u015bciowej\u00b9<\/strong> .<\/li>\n<li data-start=\"381\" data-end=\"512\"><strong data-start=\"381\" data-end=\"412\">300 minut do kraj\u00f3w UE<\/strong><br data-start=\"412\" data-end=\"415\">Obejmuje 300 minut podr\u00f3\u017cy z Niemiec do 30 kraj\u00f3w UE \u2013 idealna dla rodziny, przyjaci\u00f3\u0142 i biznesu.<\/li>\n<li data-start=\"514\" data-end=\"630\"><strong data-start=\"514\" data-end=\"551\">200 minut do 35 dodatkowych kraj\u00f3w<\/strong><br data-start=\"551\" data-end=\"554\">Obejmuje r\u00f3wnie\u017c 200 minut z Niemiec do 35 dodatkowych kraj\u00f3w na ca\u0142ym \u015bwiecie.<\/li>\n<li data-start=\"632\" data-end=\"732\"><strong data-start=\"632\" data-end=\"666\">Nielimitowane rozmowy na terenie Niemiec<\/strong><br data-start=\"666\" data-end=\"669\"><strong data-start=\"669\" data-end=\"684\">Allnet Flat<\/strong> \u2013 ciesz si\u0119 nielimitowanymi po\u0142\u0105czeniami ze wszystkimi niemieckimi sieciami.<\/li>\n<li data-start=\"734\" data-end=\"825\"><strong data-start=\"734\" data-end=\"757\">Roaming w UE wliczony w cen\u0119<\/strong><br data-start=\"757\" data-end=\"760\">Pozosta\u0144 w kontakcie podczas podr\u00f3\u017cy po UE \u2013 bez dodatkowych op\u0142at.<\/li>\n<li data-start=\"827\" data-end=\"957\"><strong data-start=\"827\" data-end=\"860\">Po\u0142\u0105czenia VoLTE i Wi-Fi w cenie<\/strong><br data-start=\"860\" data-end=\"863\">Krystalicznie czyste po\u0142\u0105czenia g\u0142osowe nawet w miejscach o s\u0142abym odbiorze dzi\u0119ki VoLTE i WiFi Calling.<\/li>\n<li data-start=\"1063\" data-end=\"1144\"><strong data-start=\"1063\" data-end=\"1082\">\u0141atwa aktywacja<\/strong><br data-start=\"1082\" data-end=\"1085\">Aktywuj sw\u00f3j plan w dowolnym momencie, dzwoni\u0105c pod numer:<br data-start=\"1123\" data-end=\"1126\"><strong data-start=\"1126\" data-end=\"1144\">*130*103# \ud83d\udcde<\/strong><\/li>\n<li data-start=\"1063\" data-end=\"1144\"><strong data-start=\"350\" data-end=\"377\">Elastyczne opcje do\u0142adowa\u0144<\/strong><br data-start=\"377\" data-end=\"380\">Do\u0142adowuj z \u0142atwo\u015bci\u0105 za pomoc\u0105 kart do\u0142adowuj\u0105cych Variatel dost\u0119pnych w Rewe, Penny, kioskach, punktach telefonicznych, kafejkach internetowych i we wszystkich oddzia\u0142ach Deutsche Post. Wolisz online? Do\u0142aduj konto w dowolnym momencie <a class=\"\" href=\"http:\/\/www.variatel.de\" target=\"_new\" rel=\"noopener\" data-start=\"552\" data-end=\"593\">www.variatel.de<\/a> za pomoc\u0105 karty PayPal, debetowej lub kredytowej.  <\/li>\n<li data-start=\"1063\" data-end=\"1144\"><strong data-start=\"634\" data-end=\"668\">Brak umowy \u2013 pe\u0142na elastyczno\u015b\u0107<\/strong><br data-start=\"668\" data-end=\"671\">Ciesz si\u0119 ca\u0142kowit\u0105 swobod\u0105, bez wi\u0105\u017c\u0105cej umowy i d\u0142ugoterminowych zobowi\u0105za\u0144.<\/li>\n<li data-start=\"1063\" data-end=\"1144\"><strong data-start=\"746\" data-end=\"771\">Pe\u0142na kontrola koszt\u00f3w<\/strong><br data-start=\"771\" data-end=\"774\">Zawsze miej kontrol\u0119 nad swoim u\u017cytkowaniem i wydatkami \u2014 bez niespodzianek, tylko przejrzysto\u015b\u0107.<\/li>\n<\/ul>\n","protected":false},"featured_media":2832,"template":"","meta":{"_acf_changed":false},"product_brand":[27],"product_cat":[274,275,266],"product_tag":[246,214,226],"class_list":{"0":"post-2829","1":"product","2":"type-product","3":"status-publish","4":"has-post-thumbnail","6":"product_brand-variatel-mobile-plans","7":"product_cat-karta-graficzna-esim","8":"product_cat-pakiet","9":"product_cat-wszystkie","10":"product_tag-bundle-pl","11":"product_tag-esim-pl","12":"product_tag-varia-xl-pl","13":"product_shipping_class-postal-sim","15":"first","16":"instock","17":"sold-individually","18":"taxable","19":"shipping-taxable","20":"purchasable","21":"product-type-simple"},"acf":[],"_links":{"self":[{"href":"https:\/\/shop.variatel.de\/index.php?rest_route=\/wp\/v2\/product\/2829","targetHints":{"allow":["GET"]}}],"collection":[{"href":"https:\/\/shop.variatel.de\/index.php?rest_route=\/wp\/v2\/product"}],"about":[{"href":"https:\/\/shop.variatel.de\/index.php?rest_route=\/wp\/v2\/types\/product"}],"version-history":[{"count":1,"href":"https:\/\/shop.variatel.de\/index.php?rest_route=\/wp\/v2\/product\/2829\/revisions"}],"predecessor-version":[{"id":2831,"href":"https:\/\/shop.variatel.de\/index.php?rest_route=\/wp\/v2\/product\/2829\/revisions\/2831"}],"wp:featuredmedia":[{"embeddable":true,"href":"https:\/\/shop.variatel.de\/index.php?rest_route=\/wp\/v2\/media\/2832"}],"wp:attachment":[{"href":"https:\/\/shop.variatel.de\/index.php?rest_route=%2Fwp%2Fv2%2Fmedia&parent=2829"}],"wp:term":[{"taxonomy":"product_brand","embeddable":true,"href":"https:\/\/shop.variatel.de\/index.php?rest_route=%2Fwp%2Fv2%2Fproduct_brand&post=2829"},{"taxonomy":"product_cat","embeddable":true,"href":"https:\/\/shop.variatel.de\/index.php?rest_route=%2Fwp%2Fv2%2Fproduct_cat&post=2829"},{"taxonomy":"product_tag","embeddable":true,"href":"https:\/\/shop.variatel.de\/index.php?rest_route=%2Fwp%2Fv2%2Fproduct_tag&post=2829"}],"curies":[{"name":"wp","href":"https:\/\/api.w.org\/{rel}","templated":true}]}}