{"id":2343,"date":"2025-07-03T08:45:15","date_gmt":"2025-07-03T08:45:15","guid":{"rendered":"https:\/\/shop.variatel.de\/?product=varia-s-esim"},"modified":"2025-07-29T02:26:33","modified_gmt":"2025-07-29T02:26:33","slug":"varia-s-esim","status":"publish","type":"product","link":"https:\/\/shop.variatel.de\/?product=varia-s-esim&lang=ro","title":{"rendered":"Varia S \u2013 eSIM"},"content":{"rendered":"<p>Un roman de spionaj de succes sau o scrisoare de dragoste? Orice scrii folosind aceast\u0103 ma\u0219in\u0103 de scris de epoc\u0103 din anii &#8217;20 este menit s\u0103 lase o urm\u0103. <\/p>\n","protected":false},"excerpt":{"rendered":"<p><strong data-start=\"57\" data-end=\"77\"> <\/strong><\/p>\n<ul>\n<li data-start=\"111\" data-end=\"227\">\n<p data-start=\"66\" data-end=\"201\"><strong data-start=\"66\" data-end=\"99\">Plan de 9,99 \u20ac cu func\u021bii complete<\/strong><br data-start=\"99\" data-end=\"102\">Ob\u021bine tot ce ai nevoie cu planul VARIA S \u2013 totul pentru doar 9,99 \u20ac la fiecare 28 de zile, f\u0103r\u0103 contract.<\/p>\n<\/li>\n<li data-start=\"111\" data-end=\"227\">\n<p data-start=\"66\" data-end=\"201\"><strong data-start=\"203\" data-end=\"240\">13 GB + Bonus de loialitate de p\u00e2n\u0103 la 20 GB<\/strong><br data-start=\"240\" data-end=\"243\">\u00cencepe\u021bi cu 13 GB de date de mare vitez\u0103 (5G p\u00e2n\u0103 la 50 Mbit\/s) \u0219i c\u00e2\u0219tiga\u021bi p\u00e2n\u0103 la <strong data-start=\"315\" data-end=\"345\">20 GB ca recompens\u0103 de loialitate\u00b9<\/strong> cu c\u00e2t r\u0103m\u00e2ne\u021bi mai mult.<\/p>\n<\/li>\n<li data-start=\"111\" data-end=\"227\">\n<p data-start=\"66\" data-end=\"201\"><strong data-start=\"368\" data-end=\"392\">200 de minute incluse<\/strong><br data-start=\"392\" data-end=\"395\">Apela\u021bi \u00een Germania \u0219i din Germania c\u0103tre 30 de \u021b\u0103ri UE \u2013 <strong data-start=\"453\" data-end=\"476\">inclusiv roaming UE<\/strong>.<\/p>\n<\/li>\n<li data-start=\"111\" data-end=\"227\">\n<p data-start=\"66\" data-end=\"201\"><strong data-start=\"479\" data-end=\"497\">Apartament comunitar<\/strong><br data-start=\"497\" data-end=\"500\">Apeluri nelimitate c\u0103tre al\u021bi utilizatori Variatel \u2013 ideal pentru a r\u0103m\u00e2ne conectat cu prietenii \u0219i familia.<\/p>\n<\/li>\n<li data-start=\"111\" data-end=\"227\">\n<p data-start=\"66\" data-end=\"201\"><strong data-start=\"594\" data-end=\"627\">VoLTE \u0219i apeluri WiFi incluse<\/strong><br data-start=\"627\" data-end=\"630\">Bucura\u021bi-v\u0103 de o calitate clar\u0103 a vocii, chiar \u0219i atunci c\u00e2nd semnalul mobil este slab &#8211; datorit\u0103 apelurilor VoLTE \u0219i WiFi.<\/p>\n<\/li>\n<li data-start=\"111\" data-end=\"227\">\n<p data-start=\"66\" data-end=\"201\"><strong data-start=\"734\" data-end=\"769\">Flexibilitate total\u0103 \u2013 f\u0103r\u0103 contract<\/strong><br data-start=\"769\" data-end=\"772\">P\u0103stra\u021bi controlul f\u0103r\u0103 angajament obligatoriu \u0219i f\u0103r\u0103 taxe ascunse.<\/p>\n<\/li>\n<li data-start=\"111\" data-end=\"227\">\n<p data-start=\"66\" data-end=\"201\"><strong data-start=\"836\" data-end=\"855\">Activare u\u0219oar\u0103<\/strong><br data-start=\"855\" data-end=\"858\">Activa\u021bi planul instantaneu form\u00e2nd:<br data-start=\"897\" data-end=\"900\"><strong data-start=\"900\" data-end=\"918\">*130*100# \ud83d\udcde<\/strong><\/p>\n<\/li>\n<li data-start=\"348\" data-end=\"630\">\n<p data-start=\"350\" data-end=\"630\"><strong data-start=\"350\" data-end=\"377\">Op\u021biuni flexibile de re\u00eenc\u0103rcare<\/strong><br data-start=\"377\" data-end=\"380\">Re\u00eenc\u0103rca\u021bi-v\u0103 cu u\u0219urin\u021b\u0103 cu cardurile de re\u00eenc\u0103rcare Variatel disponibile la Rewe, Penny, chio\u0219curi, magazine de apeluri, internet cafe-uri \u0219i toate sucursalele Deutsche Post. Preferi online? Re\u00eenc\u0103rca\u021bi oric\u00e2nd la <a class=\"\" href=\"http:\/\/www.variatel.de\" target=\"_new\" rel=\"noopener\" data-start=\"552\" data-end=\"593\">www.variatel.de<\/a> folosind cardul de PayPal, de debit sau de credit.  <\/p>\n<\/li>\n<li data-start=\"632\" data-end=\"742\">\n<p data-start=\"634\" data-end=\"742\"><strong data-start=\"634\" data-end=\"668\">F\u0103r\u0103 contract \u2013 flexibilitate deplin\u0103<\/strong><br data-start=\"668\" data-end=\"671\">Bucura\u021bi-v\u0103 de libertate total\u0103, f\u0103r\u0103 contracte obligatorii sau obliga\u021bii pe termen lung.<\/p>\n<\/li>\n<li data-start=\"744\" data-end=\"858\">\n<p data-start=\"746\" data-end=\"858\"><strong data-start=\"746\" data-end=\"771\">Control complet al costurilor<\/strong><br data-start=\"771\" data-end=\"774\">P\u0103stra\u021bi \u00eentotdeauna controlul asupra utiliz\u0103rii \u0219i cheltuielilor &#8211; f\u0103r\u0103 surprize, doar transparen\u021b\u0103.<\/p>\n<\/li>\n<\/ul>\n","protected":false},"featured_media":2344,"template":"","meta":{"_acf_changed":false},"product_brand":[27],"product_cat":[260,263,261],"product_tag":[247,215,231],"class_list":{"0":"post-2343","1":"product","2":"type-product","3":"status-publish","4":"has-post-thumbnail","6":"product_brand-variatel-mobile-plans","7":"product_cat-esim-ro","8":"product_cat-snop","9":"product_cat-toate","10":"product_tag-bundle-ro","11":"product_tag-esim-ro","12":"product_tag-varia-s-ro","13":"product_shipping_class-postal-sim","15":"first","16":"instock","17":"sold-individually","18":"taxable","19":"shipping-taxable","20":"purchasable","21":"product-type-simple"},"acf":[],"_links":{"self":[{"href":"https:\/\/shop.variatel.de\/index.php?rest_route=\/wp\/v2\/product\/2343","targetHints":{"allow":["GET"]}}],"collection":[{"href":"https:\/\/shop.variatel.de\/index.php?rest_route=\/wp\/v2\/product"}],"about":[{"href":"https:\/\/shop.variatel.de\/index.php?rest_route=\/wp\/v2\/types\/product"}],"version-history":[{"count":2,"href":"https:\/\/shop.variatel.de\/index.php?rest_route=\/wp\/v2\/product\/2343\/revisions"}],"predecessor-version":[{"id":2849,"href":"https:\/\/shop.variatel.de\/index.php?rest_route=\/wp\/v2\/product\/2343\/revisions\/2849"}],"wp:featuredmedia":[{"embeddable":true,"href":"https:\/\/shop.variatel.de\/index.php?rest_route=\/wp\/v2\/media\/2344"}],"wp:attachment":[{"href":"https:\/\/shop.variatel.de\/index.php?rest_route=%2Fwp%2Fv2%2Fmedia&parent=2343"}],"wp:term":[{"taxonomy":"product_brand","embeddable":true,"href":"https:\/\/shop.variatel.de\/index.php?rest_route=%2Fwp%2Fv2%2Fproduct_brand&post=2343"},{"taxonomy":"product_cat","embeddable":true,"href":"https:\/\/shop.variatel.de\/index.php?rest_route=%2Fwp%2Fv2%2Fproduct_cat&post=2343"},{"taxonomy":"product_tag","embeddable":true,"href":"https:\/\/shop.variatel.de\/index.php?rest_route=%2Fwp%2Fv2%2Fproduct_tag&post=2343"}],"curies":[{"name":"wp","href":"https:\/\/api.w.org\/{rel}","templated":true}]}}