{"id":2326,"date":"2025-07-03T10:36:27","date_gmt":"2025-07-03T10:36:27","guid":{"rendered":"https:\/\/shop.variatel.de\/?product=varia-xxxl-sim"},"modified":"2025-07-29T02:26:42","modified_gmt":"2025-07-29T02:26:42","slug":"varia-xxxl-sim","status":"publish","type":"product","link":"https:\/\/shop.variatel.de\/?product=varia-xxxl-sim&lang=ro","title":{"rendered":"Varia XXXL \u2013 SIM"},"content":{"rendered":"<p>Un roman de spionaj de succes sau o scrisoare de dragoste? Orice scrii folosind aceast\u0103 ma\u0219in\u0103 de scris de epoc\u0103 din anii &#8217;20 este menit s\u0103 lase o urm\u0103. <\/p>\n","protected":false},"excerpt":{"rendered":"<ul>\n<li data-start=\"62\" data-end=\"225\"><strong data-start=\"62\" data-end=\"113\">Plan de 44,99 \u20ac \u2013 Date ultra ridicate \u0219i acoperire la nivel mondial<\/strong><br data-start=\"113\" data-end=\"116\">Plan de top cu date masive, minute interna\u021bionale \u0219i conectivitate complet\u0103 &#8211; f\u0103r\u0103 contract, toat\u0103 flexibilitatea.<\/li>\n<li data-start=\"227\" data-end=\"402\"><strong data-start=\"227\" data-end=\"266\">113 GB + Bonus de loialitate de p\u00e2n\u0103 la 170 GB<\/strong><br data-start=\"266\" data-end=\"269\">\u00cencepe\u021bi cu 113 GB de date 5G (p\u00e2n\u0103 la 50 Mbit\/s) \u0219i debloca\u021bi p\u00e2n\u0103 la <strong data-start=\"342\" data-end=\"352\">170 GB<\/strong> cu recompensa noastr\u0103 de <strong data-start=\"362\" data-end=\"381\">loialitate\u00b9<\/strong> cu c\u00e2t r\u0103m\u00e2ne\u021bi mai mult.<\/li>\n<li data-start=\"404\" data-end=\"550\"><strong data-start=\"404\" data-end=\"435\">500 de minute p\u00e2n\u0103 \u00een \u021b\u0103rile UE<\/strong><br data-start=\"435\" data-end=\"438\">Include 500 de minute pentru apeluri:<br data-start=\"469\" data-end=\"472\">\u2022 \u00cen Germania<br data-start=\"488\" data-end=\"491\">\u2022 Din Germania \u00een 30 de \u021b\u0103ri UE<br data-start=\"524\" data-end=\"527\"><strong data-start=\"527\" data-end=\"550\">Roaming UE inclus<\/strong><\/li>\n<li data-start=\"552\" data-end=\"677\"><strong data-start=\"552\" data-end=\"589\">500 de minute c\u0103tre 35 de \u021b\u0103ri suplimentare<\/strong><br data-start=\"589\" data-end=\"592\">Suna\u021bi din Germania c\u0103tre 35 de destina\u021bii interna\u021bionale suplimentare \u2013 500 de minute incluse.<\/li>\n<li data-start=\"679\" data-end=\"772\"><strong data-start=\"679\" data-end=\"697\">Apartament comunitar<\/strong><br data-start=\"697\" data-end=\"700\">Apeluri nelimitate c\u0103tre al\u021bi utilizatori Variatel \u2013 r\u0103m\u00e2ne\u021bi conectat f\u0103r\u0103 limite.<\/li>\n<li data-start=\"774\" data-end=\"872\"><strong data-start=\"774\" data-end=\"807\">VoLTE \u0219i apeluri WiFi incluse<\/strong><br data-start=\"807\" data-end=\"810\">Apeluri de \u00eenalt\u0103 calitate, chiar \u0219i cu semnal slab \u2013 prin VoLTE sau WiFi.<\/li>\n<li data-start=\"973\" data-end=\"1046\"><strong data-start=\"973\" data-end=\"992\">Activare u\u0219oar\u0103<\/strong><br data-start=\"992\" data-end=\"995\">Activa\u021bi-v\u0103 planul form\u00e2nd:<br data-start=\"1025\" data-end=\"1028\"><strong data-start=\"1028\" data-end=\"1046\">*130*105# \ud83d\udcde<\/strong><\/li>\n<li data-start=\"1048\" data-end=\"1130\"><strong data-start=\"1048\" data-end=\"1058\">Bonus:<\/strong><br data-start=\"1058\" data-end=\"1061\">Include <strong data-start=\"1070\" data-end=\"1091\">100 de minute suplimentare<\/strong> din Germania c\u0103tre \u0219i mai multe \u021b\u0103ri.**<\/li>\n<li data-start=\"350\" data-end=\"630\"><strong data-start=\"350\" data-end=\"377\">Op\u021biuni flexibile de re\u00eenc\u0103rcare<\/strong><br data-start=\"377\" data-end=\"380\">Re\u00eenc\u0103rca\u021bi-v\u0103 cu u\u0219urin\u021b\u0103 cu cardurile de re\u00eenc\u0103rcare Variatel disponibile la Rewe, Penny, chio\u0219curi, magazine de apeluri, internet cafe-uri \u0219i toate sucursalele Deutsche Post. Preferi online? Re\u00eenc\u0103rca\u021bi oric\u00e2nd la <a class=\"\" href=\"http:\/\/www.variatel.de\" target=\"_new\" rel=\"noopener\" data-start=\"552\" data-end=\"593\">www.variatel.de<\/a> folosind cardul de PayPal, de debit sau de credit.  <\/li>\n<li data-start=\"634\" data-end=\"742\"><strong data-start=\"634\" data-end=\"668\">F\u0103r\u0103 contract \u2013 flexibilitate deplin\u0103<\/strong><br data-start=\"668\" data-end=\"671\">Bucura\u021bi-v\u0103 de libertate total\u0103, f\u0103r\u0103 contracte obligatorii sau obliga\u021bii pe termen lung.<\/li>\n<li data-start=\"746\" data-end=\"858\"><strong data-start=\"746\" data-end=\"771\">Control complet al costurilor<\/strong><br data-start=\"771\" data-end=\"774\">P\u0103stra\u021bi \u00eentotdeauna controlul asupra utiliz\u0103rii \u0219i cheltuielilor &#8211; f\u0103r\u0103 surprize, doar transparen\u021b\u0103.<\/li>\n<\/ul>\n","protected":false},"featured_media":2330,"template":"","meta":{"_acf_changed":false},"product_brand":[27],"product_cat":[259,263,261],"product_tag":[247,243,219],"class_list":{"0":"post-2326","1":"product","2":"type-product","3":"status-publish","4":"has-post-thumbnail","6":"product_brand-variatel-mobile-plans","7":"product_cat-sim-ro","8":"product_cat-snop","9":"product_cat-toate","10":"product_tag-bundle-ro","11":"product_tag-sim-ro","12":"product_tag-varia-xxxl-ro","13":"product_shipping_class-postal-sim","15":"first","16":"instock","17":"sold-individually","18":"taxable","19":"shipping-taxable","20":"purchasable","21":"product-type-simple"},"acf":[],"_links":{"self":[{"href":"https:\/\/shop.variatel.de\/index.php?rest_route=\/wp\/v2\/product\/2326","targetHints":{"allow":["GET"]}}],"collection":[{"href":"https:\/\/shop.variatel.de\/index.php?rest_route=\/wp\/v2\/product"}],"about":[{"href":"https:\/\/shop.variatel.de\/index.php?rest_route=\/wp\/v2\/types\/product"}],"version-history":[{"count":2,"href":"https:\/\/shop.variatel.de\/index.php?rest_route=\/wp\/v2\/product\/2326\/revisions"}],"predecessor-version":[{"id":2857,"href":"https:\/\/shop.variatel.de\/index.php?rest_route=\/wp\/v2\/product\/2326\/revisions\/2857"}],"wp:featuredmedia":[{"embeddable":true,"href":"https:\/\/shop.variatel.de\/index.php?rest_route=\/wp\/v2\/media\/2330"}],"wp:attachment":[{"href":"https:\/\/shop.variatel.de\/index.php?rest_route=%2Fwp%2Fv2%2Fmedia&parent=2326"}],"wp:term":[{"taxonomy":"product_brand","embeddable":true,"href":"https:\/\/shop.variatel.de\/index.php?rest_route=%2Fwp%2Fv2%2Fproduct_brand&post=2326"},{"taxonomy":"product_cat","embeddable":true,"href":"https:\/\/shop.variatel.de\/index.php?rest_route=%2Fwp%2Fv2%2Fproduct_cat&post=2326"},{"taxonomy":"product_tag","embeddable":true,"href":"https:\/\/shop.variatel.de\/index.php?rest_route=%2Fwp%2Fv2%2Fproduct_tag&post=2326"}],"curies":[{"name":"wp","href":"https:\/\/api.w.org\/{rel}","templated":true}]}}