{"id":2217,"date":"2025-07-03T10:39:39","date_gmt":"2025-07-03T10:39:39","guid":{"rendered":"https:\/\/shop.variatel.de\/?product=varia-xl-sim"},"modified":"2025-07-29T02:27:45","modified_gmt":"2025-07-29T02:27:45","slug":"varia-xl-sim","status":"publish","type":"product","link":"https:\/\/shop.variatel.de\/?product=varia-xl-sim&lang=tr","title":{"rendered":"Varia XL \u2013 SIM"},"content":{"rendered":"<p>Bir casusluk roman\u0131 m\u0131 yoksa bir a\u015fk mektubu mu? 1920\u2019lerden kalma bu vintage daktiloyla yazd\u0131\u011f\u0131n\u0131z her \u015fey mutlaka iz b\u0131rakacakt\u0131r. <\/p>\n","protected":false},"excerpt":{"rendered":"<ul>\n<li data-start=\"71\" data-end=\"217\"><strong data-start=\"71\" data-end=\"116\">24.99 \u20ac Plan \u2013 Maksimum Veri, Tam \u00d6zg\u00fcrl\u00fck<\/strong><br data-start=\"116\" data-end=\"119\">Her \u015feyi isteyen ileri d\u00fczey kullan\u0131c\u0131lar i\u00e7in: daha fazla veri, daha fazla dakika ve s\u00f6zle\u015fmesiz tam esneklik.<\/li>\n<li data-start=\"219\" data-end=\"379\"><strong data-start=\"219\" data-end=\"256\">46 GB + 69 GB&#8217;a kadar Sadakat Bonusu<\/strong><br data-start=\"256\" data-end=\"259\">46 GB 5G veri (50 Mbit\/sn&#8217;ye kadar) ile ba\u015flay\u0131n ve zaman i\u00e7inde <strong data-start=\"349\" data-end=\"368\">sadakat \u00f6d\u00fcl\u00fcm\u00fczle\u00b9<\/strong> <strong data-start=\"330\" data-end=\"339\">69 GB&#8217;a<\/strong> kadar verinin kilidini a\u00e7\u0131n.<\/li>\n<li data-start=\"381\" data-end=\"512\"><strong data-start=\"381\" data-end=\"412\">AB \u00dclkelerine 300 Dakika<\/strong><br data-start=\"412\" data-end=\"415\">Almanya&#8217;dan 30 AB \u00fclkesine 300 dakika i\u00e7erir &#8211; aile, arkada\u015flar ve i\u015f i\u00e7in m\u00fckemmeldir.<\/li>\n<li data-start=\"514\" data-end=\"630\"><strong data-start=\"514\" data-end=\"551\">35 ekstra \u00fclkeye 200 dakika<\/strong><br data-start=\"551\" data-end=\"554\">Ayr\u0131ca Almanya&#8217;dan d\u00fcnya \u00e7ap\u0131nda 35 ek \u00fclkeye 200 dakika i\u00e7erir.<\/li>\n<li data-start=\"632\" data-end=\"732\"><strong data-start=\"632\" data-end=\"666\">Almanya i\u00e7inde S\u0131n\u0131rs\u0131z \u00c7a\u011fr\u0131<\/strong><br data-start=\"666\" data-end=\"669\"><strong data-start=\"669\" data-end=\"684\">Allnet Flat<\/strong> \u2013 t\u00fcm Alman a\u011flar\u0131na s\u0131n\u0131rs\u0131z araman\u0131n keyfini \u00e7\u0131kar\u0131n.<\/li>\n<li data-start=\"734\" data-end=\"825\"><strong data-start=\"734\" data-end=\"757\">AB dola\u015f\u0131m\u0131 dahil<\/strong><br data-start=\"757\" data-end=\"760\">AB genelinde seyahat ederken ekstra \u00fccret \u00f6demeden ba\u011flant\u0131da kal\u0131n.<\/li>\n<li data-start=\"827\" data-end=\"957\"><strong data-start=\"827\" data-end=\"860\">VoLTE ve WiFi Aramas\u0131 Dahil<\/strong><br data-start=\"860\" data-end=\"863\">VoLTE ve WiFi Aramas\u0131 sayesinde sinyal al\u0131m\u0131n\u0131n zay\u0131f oldu\u011fu b\u00f6lgelerde bile kristal netli\u011finde sesli aramalar.<\/li>\n<li data-start=\"1063\" data-end=\"1144\"><strong data-start=\"1063\" data-end=\"1082\">Kolay Aktivasyon<\/strong><br data-start=\"1082\" data-end=\"1085\">Plan\u0131n\u0131z\u0131 istedi\u011finiz zaman a\u015fa\u011f\u0131daki tu\u015fu \u00e7evirerek etkinle\u015ftirin:<br data-start=\"1123\" data-end=\"1126\"><strong data-start=\"1126\" data-end=\"1144\">*130*103# \ud83d\udcde<\/strong><\/li>\n<li data-start=\"1063\" data-end=\"1144\"><strong data-start=\"350\" data-end=\"377\">Esnek y\u00fckleme se\u00e7enekleri<\/strong><br data-start=\"377\" data-end=\"380\">Rewe, Penny, kiosklar, telefon g\u00f6r\u00fc\u015fmecileri, internet kafeler ve t\u00fcm Deutsche Post \u015fubelerinde bulunan Variatel y\u00fckleme kartlar\u0131yla kolayca \u015farj edin. \u00c7evrimi\u00e7i mi tercih ediyorsunuz? PayPal, banka veya kredi kart\u0131 kullanarak istedi\u011finiz zaman <a class=\"\" href=\"http:\/\/www.variatel.de\" target=\"_new\" rel=\"noopener\" data-start=\"552\" data-end=\"593\">www.variatel.de<\/a> y\u00fckleme yap\u0131n.  <\/li>\n<li data-start=\"1063\" data-end=\"1144\"><strong data-start=\"634\" data-end=\"668\">S\u00f6zle\u015fme Yok \u2013 Tam Esneklik<\/strong><br data-start=\"668\" data-end=\"671\">Ba\u011flay\u0131c\u0131 bir s\u00f6zle\u015fme veya uzun vadeli y\u00fck\u00fcml\u00fcl\u00fck olmadan tam \u00f6zg\u00fcrl\u00fc\u011f\u00fcn tad\u0131n\u0131 \u00e7\u0131kar\u0131n.<\/li>\n<li data-start=\"1063\" data-end=\"1144\"><strong data-start=\"746\" data-end=\"771\">Komple Maliyet Kontrol\u00fc<\/strong><br data-start=\"771\" data-end=\"774\">Kullan\u0131m\u0131n\u0131z\u0131 ve harcamalar\u0131n\u0131z\u0131 her zaman kontrol alt\u0131nda tutun &#8211; s\u00fcrpriz yok, sadece \u015feffafl\u0131k.<\/li>\n<\/ul>\n","protected":false},"featured_media":2313,"template":"","meta":{"_acf_changed":false},"product_brand":[27],"product_cat":[196,199,195],"product_tag":[205,201,208],"class_list":{"0":"post-2217","1":"product","2":"type-product","3":"status-publish","4":"has-post-thumbnail","6":"product_brand-variatel-mobile-plans","7":"product_cat-alle-tr","8":"product_cat-esim","9":"product_cat-sim","10":"product_tag-bundle-tr","11":"product_tag-sim-tr","12":"product_tag-varia-xl-tr","13":"product_shipping_class-postal-sim","15":"first","16":"instock","17":"sold-individually","18":"taxable","19":"shipping-taxable","20":"purchasable","21":"product-type-simple"},"acf":[],"_links":{"self":[{"href":"https:\/\/shop.variatel.de\/index.php?rest_route=\/wp\/v2\/product\/2217","targetHints":{"allow":["GET"]}}],"collection":[{"href":"https:\/\/shop.variatel.de\/index.php?rest_route=\/wp\/v2\/product"}],"about":[{"href":"https:\/\/shop.variatel.de\/index.php?rest_route=\/wp\/v2\/types\/product"}],"version-history":[{"count":2,"href":"https:\/\/shop.variatel.de\/index.php?rest_route=\/wp\/v2\/product\/2217\/revisions"}],"predecessor-version":[{"id":2859,"href":"https:\/\/shop.variatel.de\/index.php?rest_route=\/wp\/v2\/product\/2217\/revisions\/2859"}],"wp:featuredmedia":[{"embeddable":true,"href":"https:\/\/shop.variatel.de\/index.php?rest_route=\/wp\/v2\/media\/2313"}],"wp:attachment":[{"href":"https:\/\/shop.variatel.de\/index.php?rest_route=%2Fwp%2Fv2%2Fmedia&parent=2217"}],"wp:term":[{"taxonomy":"product_brand","embeddable":true,"href":"https:\/\/shop.variatel.de\/index.php?rest_route=%2Fwp%2Fv2%2Fproduct_brand&post=2217"},{"taxonomy":"product_cat","embeddable":true,"href":"https:\/\/shop.variatel.de\/index.php?rest_route=%2Fwp%2Fv2%2Fproduct_cat&post=2217"},{"taxonomy":"product_tag","embeddable":true,"href":"https:\/\/shop.variatel.de\/index.php?rest_route=%2Fwp%2Fv2%2Fproduct_tag&post=2217"}],"curies":[{"name":"wp","href":"https:\/\/api.w.org\/{rel}","templated":true}]}}