{"id":2213,"date":"2025-07-03T10:36:27","date_gmt":"2025-07-03T10:36:27","guid":{"rendered":"https:\/\/shop.variatel.de\/?product=varia-xxxl-sim"},"modified":"2025-07-29T02:28:21","modified_gmt":"2025-07-29T02:28:21","slug":"varia-xxxl-sim","status":"publish","type":"product","link":"https:\/\/shop.variatel.de\/?product=varia-xxxl-sim&lang=tr","title":{"rendered":"Varia XXXL \u2013 SIM"},"content":{"rendered":"<p>Bir casusluk roman\u0131 m\u0131 yoksa bir a\u015fk mektubu mu? 1920\u2019lerden kalma bu vintage daktiloyla yazd\u0131\u011f\u0131n\u0131z her \u015fey mutlaka iz b\u0131rakacakt\u0131r. <\/p>\n","protected":false},"excerpt":{"rendered":"<ul>\n<li data-start=\"62\" data-end=\"225\"><strong data-start=\"62\" data-end=\"113\">44,99 \u20ac Plan \u2013 Ultra Y\u00fcksek Veri ve D\u00fcnya \u00c7ap\u0131nda Eri\u015fim<\/strong><br data-start=\"113\" data-end=\"116\">Devasa veriler, uluslararas\u0131 dakikalar ve tam ba\u011flant\u0131 ile en \u00fcst d\u00fczey plan &#8211; s\u00f6zle\u015fme yok, tamamen esneklik.<\/li>\n<li data-start=\"227\" data-end=\"402\"><strong data-start=\"227\" data-end=\"266\">113 GB + 170 GB&#8217;a kadar Sadakat Bonusu<\/strong><br data-start=\"266\" data-end=\"269\">113 GB&#8217;l\u0131k devasa bir 5G verisiyle (50 Mbit\/sn&#8217;ye kadar) ba\u015flay\u0131n ve ne kadar uzun s\u00fcre kal\u0131rsan\u0131z <strong data-start=\"362\" data-end=\"381\">sadakat \u00f6d\u00fcl\u00fcm\u00fczle\u00b9<\/strong> <strong data-start=\"342\" data-end=\"352\">170 GB&#8217;a<\/strong> kadar alan\u0131n kilidini a\u00e7\u0131n.<\/li>\n<li data-start=\"404\" data-end=\"550\"><strong data-start=\"404\" data-end=\"435\">AB \u00dclkelerine 500 Dakika<\/strong><br data-start=\"435\" data-end=\"438\">Aramalar i\u00e7in 500 dakika i\u00e7erir:<br data-start=\"469\" data-end=\"472\">\u2022 Almanya i\u00e7inde<br data-start=\"488\" data-end=\"491\">\u2022 Almanya&#8217;dan 30 AB \u00fclkesine<br data-start=\"524\" data-end=\"527\"><strong data-start=\"527\" data-end=\"550\">AB dola\u015f\u0131m\u0131 dahil<\/strong><\/li>\n<li data-start=\"552\" data-end=\"677\"><strong data-start=\"552\" data-end=\"589\">35 ekstra \u00fclkeye 500 dakika<\/strong><br data-start=\"589\" data-end=\"592\">Almanya&#8217;dan 35 ek uluslararas\u0131 var\u0131\u015f noktas\u0131na \u00e7a\u011fr\u0131 yap\u0131n \u2013 500 dakika dahil.<\/li>\n<li data-start=\"679\" data-end=\"772\"><strong data-start=\"679\" data-end=\"697\">Topluluk Dairesi<\/strong><br data-start=\"697\" data-end=\"700\">Di\u011fer Variatel kullan\u0131c\u0131lar\u0131yla s\u0131n\u0131rs\u0131z arama \u2013 s\u0131n\u0131rs\u0131z ba\u011flant\u0131da kal\u0131n.<\/li>\n<li data-start=\"774\" data-end=\"872\"><strong data-start=\"774\" data-end=\"807\">VoLTE ve WiFi Aramas\u0131 Dahil<\/strong><br data-start=\"807\" data-end=\"810\">VoLTE veya WiFi \u00fczerinden zay\u0131f sinyalde bile y\u00fcksek kaliteli aramalar.<\/li>\n<li data-start=\"973\" data-end=\"1046\"><strong data-start=\"973\" data-end=\"992\">Kolay Aktivasyon<\/strong><br data-start=\"992\" data-end=\"995\">A\u015fa\u011f\u0131dakileri arayarak plan\u0131n\u0131z\u0131 etkinle\u015ftirin:<br data-start=\"1025\" data-end=\"1028\"><strong data-start=\"1028\" data-end=\"1046\">*130*105# \ud83d\udcde<\/strong><\/li>\n<li data-start=\"1048\" data-end=\"1130\"><strong data-start=\"1048\" data-end=\"1058\">Bonus:<\/strong><br data-start=\"1058\" data-end=\"1061\">Almanya&#8217;dan daha da fazla \u00fclkeye ekstra <strong data-start=\"1070\" data-end=\"1091\">100 dakika<\/strong> dahildir.**<\/li>\n<li data-start=\"350\" data-end=\"630\"><strong data-start=\"350\" data-end=\"377\">Esnek y\u00fckleme se\u00e7enekleri<\/strong><br data-start=\"377\" data-end=\"380\">Rewe, Penny, kiosklar, telefon g\u00f6r\u00fc\u015fmecileri, internet kafeler ve t\u00fcm Deutsche Post \u015fubelerinde bulunan Variatel y\u00fckleme kartlar\u0131yla kolayca \u015farj edin. \u00c7evrimi\u00e7i mi tercih ediyorsunuz? PayPal, banka veya kredi kart\u0131 kullanarak istedi\u011finiz zaman <a class=\"\" href=\"http:\/\/www.variatel.de\" target=\"_new\" rel=\"noopener\" data-start=\"552\" data-end=\"593\">www.variatel.de<\/a> y\u00fckleme yap\u0131n.  <\/li>\n<li data-start=\"634\" data-end=\"742\"><strong data-start=\"634\" data-end=\"668\">S\u00f6zle\u015fme Yok \u2013 Tam Esneklik<\/strong><br data-start=\"668\" data-end=\"671\">Ba\u011flay\u0131c\u0131 bir s\u00f6zle\u015fme veya uzun vadeli y\u00fck\u00fcml\u00fcl\u00fck olmadan tam \u00f6zg\u00fcrl\u00fc\u011f\u00fcn tad\u0131n\u0131 \u00e7\u0131kar\u0131n.<\/li>\n<li data-start=\"746\" data-end=\"858\"><strong data-start=\"746\" data-end=\"771\">Komple Maliyet Kontrol\u00fc<\/strong><br data-start=\"771\" data-end=\"774\">Kullan\u0131m\u0131n\u0131z\u0131 ve harcamalar\u0131n\u0131z\u0131 her zaman kontrol alt\u0131nda tutun &#8211; s\u00fcrpriz yok, sadece \u015feffafl\u0131k.<\/li>\n<\/ul>\n","protected":false},"featured_media":2216,"template":"","meta":{"_acf_changed":false},"product_brand":[27],"product_cat":[196,204,195],"product_tag":[205,201,206],"class_list":{"0":"post-2213","1":"product","2":"type-product","3":"status-publish","4":"has-post-thumbnail","6":"product_brand-variatel-mobile-plans","7":"product_cat-alle-tr","8":"product_cat-bundle-tr","9":"product_cat-sim","10":"product_tag-bundle-tr","11":"product_tag-sim-tr","12":"product_tag-varia-xxxl-tr","13":"product_shipping_class-postal-sim","15":"first","16":"instock","17":"sold-individually","18":"taxable","19":"shipping-taxable","20":"purchasable","21":"product-type-simple"},"acf":[],"_links":{"self":[{"href":"https:\/\/shop.variatel.de\/index.php?rest_route=\/wp\/v2\/product\/2213","targetHints":{"allow":["GET"]}}],"collection":[{"href":"https:\/\/shop.variatel.de\/index.php?rest_route=\/wp\/v2\/product"}],"about":[{"href":"https:\/\/shop.variatel.de\/index.php?rest_route=\/wp\/v2\/types\/product"}],"version-history":[{"count":1,"href":"https:\/\/shop.variatel.de\/index.php?rest_route=\/wp\/v2\/product\/2213\/revisions"}],"predecessor-version":[{"id":2855,"href":"https:\/\/shop.variatel.de\/index.php?rest_route=\/wp\/v2\/product\/2213\/revisions\/2855"}],"wp:featuredmedia":[{"embeddable":true,"href":"https:\/\/shop.variatel.de\/index.php?rest_route=\/wp\/v2\/media\/2216"}],"wp:attachment":[{"href":"https:\/\/shop.variatel.de\/index.php?rest_route=%2Fwp%2Fv2%2Fmedia&parent=2213"}],"wp:term":[{"taxonomy":"product_brand","embeddable":true,"href":"https:\/\/shop.variatel.de\/index.php?rest_route=%2Fwp%2Fv2%2Fproduct_brand&post=2213"},{"taxonomy":"product_cat","embeddable":true,"href":"https:\/\/shop.variatel.de\/index.php?rest_route=%2Fwp%2Fv2%2Fproduct_cat&post=2213"},{"taxonomy":"product_tag","embeddable":true,"href":"https:\/\/shop.variatel.de\/index.php?rest_route=%2Fwp%2Fv2%2Fproduct_tag&post=2213"}],"curies":[{"name":"wp","href":"https:\/\/api.w.org\/{rel}","templated":true}]}}