{"id":2211,"date":"2025-07-03T10:36:24","date_gmt":"2025-07-03T10:36:24","guid":{"rendered":"https:\/\/shop.variatel.de\/?product=varia-xxl-sim"},"modified":"2025-07-29T02:28:22","modified_gmt":"2025-07-29T02:28:22","slug":"varia-xxl-sim","status":"publish","type":"product","link":"https:\/\/shop.variatel.de\/?product=varia-xxl-sim&lang=tr","title":{"rendered":"Varia XXL \u2013 SIM"},"content":{"rendered":"<p>Bir casusluk roman\u0131 m\u0131 yoksa bir a\u015fk mektubu mu? 1920\u2019lerden kalma bu vintage daktiloyla yazd\u0131\u011f\u0131n\u0131z her \u015fey mutlaka iz b\u0131rakacakt\u0131r. <\/p>\n","protected":false},"excerpt":{"rendered":"<ul>\n<li data-start=\"73\" data-end=\"210\"><strong data-start=\"73\" data-end=\"114\">29,99 \u20ac Plan \u2013 Nihai \u00d6zg\u00fcrl\u00fck ve Veri<\/strong><br data-start=\"114\" data-end=\"117\">Devasa veri ve uluslararas\u0131 dakikalar i\u00e7eren premium plan &#8211; s\u00f6zle\u015fme yok, tam esneklik.<\/li>\n<li data-start=\"212\" data-end=\"388\"><strong data-start=\"212\" data-end=\"250\">74 GB + 111 GB&#8217;a kadar Sadakat Bonusu<\/strong><br data-start=\"250\" data-end=\"253\">74 GB \u0131\u015f\u0131k h\u0131z\u0131nda 5G veri (50 Mbit\/sn&#8217;ye kadar) ile ba\u015flay\u0131n ve ne kadar uzun s\u00fcre kal\u0131rsan\u0131z<strong data-start=\"348\" data-end=\"367\">, sadakat \u00f6d\u00fcl\u00fcm\u00fczle<\/strong> <strong data-start=\"328\" data-end=\"338\">111 GB&#8217;a<\/strong> kadar kazan\u0131n\u00b9.<\/li>\n<li data-start=\"390\" data-end=\"516\"><strong data-start=\"390\" data-end=\"421\">AB \u00dclkelerine 500 Dakika<\/strong><br data-start=\"421\" data-end=\"424\">Almanya&#8217;dan 30 AB \u00fclkesine 500 dakika i\u00e7erir &#8211; kapsaml\u0131 Avrupa aramalar\u0131 i\u00e7in idealdir.<\/li>\n<li data-start=\"518\" data-end=\"641\"><strong data-start=\"518\" data-end=\"555\">35 ekstra \u00fclkeye 500 dakika<\/strong><br data-start=\"555\" data-end=\"558\">Ayr\u0131ca Almanya&#8217;dan 35 ek uluslararas\u0131 var\u0131\u015f noktas\u0131na 500 dakika i\u00e7erir.<\/li>\n<li data-start=\"643\" data-end=\"747\"><strong data-start=\"643\" data-end=\"677\">Almanya i\u00e7inde S\u0131n\u0131rs\u0131z \u00c7a\u011fr\u0131<\/strong><br data-start=\"677\" data-end=\"680\"><strong data-start=\"680\" data-end=\"695\">Allnet Flat<\/strong> \u2013 Almanya&#8217;daki t\u00fcm \u015febekelere s\u0131n\u0131rs\u0131z araman\u0131n keyfini \u00e7\u0131kar\u0131n.<\/li>\n<li data-start=\"749\" data-end=\"840\"><strong data-start=\"749\" data-end=\"772\">AB dola\u015f\u0131m\u0131 dahil<\/strong><br data-start=\"772\" data-end=\"775\">AB&#8217;de \u00f6zg\u00fcrce dola\u015f\u0131n &#8211; ekstra \u00fccret \u00f6demeden ba\u011flant\u0131da kal\u0131n.<\/li>\n<li data-start=\"842\" data-end=\"976\"><strong data-start=\"842\" data-end=\"875\">VoLTE ve WiFi Aramas\u0131 Dahil<\/strong><br data-start=\"875\" data-end=\"878\">VoLTE ve WiFi Arama sayesinde sinyal al\u0131m\u0131n\u0131n zay\u0131f oldu\u011fu b\u00f6lgelerde bile en y\u00fcksek kalitede aramalar yap\u0131n.<\/li>\n<li data-start=\"1070\" data-end=\"1151\"><strong data-start=\"1070\" data-end=\"1089\">Kolay Aktivasyon<\/strong><br data-start=\"1089\" data-end=\"1092\">Plan\u0131n\u0131z\u0131 istedi\u011finiz zaman a\u015fa\u011f\u0131daki tu\u015fu \u00e7evirerek etkinle\u015ftirin:<br data-start=\"1130\" data-end=\"1133\"><strong data-start=\"1133\" data-end=\"1151\">*130*104# \ud83d\udcde<\/strong><\/li>\n<li data-start=\"1153\" data-end=\"1238\"><strong data-start=\"1153\" data-end=\"1163\">Bonus:<\/strong><br data-start=\"1163\" data-end=\"1166\">Almanya&#8217;dan daha da fazla \u00fclkeye <strong data-start=\"1178\" data-end=\"1199\">ekstra 100 dakika<\/strong> dahildir.**<\/li>\n<li data-start=\"350\" data-end=\"630\"><strong data-start=\"350\" data-end=\"377\">Esnek y\u00fckleme se\u00e7enekleri<\/strong><br data-start=\"377\" data-end=\"380\">Rewe, Penny, kiosklar, telefon g\u00f6r\u00fc\u015fmecileri, internet kafeler ve t\u00fcm Deutsche Post \u015fubelerinde bulunan Variatel y\u00fckleme kartlar\u0131yla kolayca \u015farj edin. \u00c7evrimi\u00e7i mi tercih ediyorsunuz? PayPal, banka veya kredi kart\u0131 kullanarak istedi\u011finiz zaman <a class=\"\" href=\"http:\/\/www.variatel.de\" target=\"_new\" rel=\"noopener\" data-start=\"552\" data-end=\"593\">www.variatel.de<\/a> y\u00fckleme yap\u0131n.  <\/li>\n<li data-start=\"634\" data-end=\"742\"><strong data-start=\"634\" data-end=\"668\">S\u00f6zle\u015fme Yok \u2013 Tam Esneklik<\/strong><br data-start=\"668\" data-end=\"671\">Ba\u011flay\u0131c\u0131 bir s\u00f6zle\u015fme veya uzun vadeli y\u00fck\u00fcml\u00fcl\u00fck olmadan tam \u00f6zg\u00fcrl\u00fc\u011f\u00fcn tad\u0131n\u0131 \u00e7\u0131kar\u0131n.<\/li>\n<li data-start=\"634\" data-end=\"742\"><strong data-start=\"746\" data-end=\"771\">Komple Maliyet Kontrol\u00fc<\/strong><br data-start=\"771\" data-end=\"774\">Kullan\u0131m\u0131n\u0131z\u0131 ve harcamalar\u0131n\u0131z\u0131 her zaman kontrol alt\u0131nda tutun &#8211; s\u00fcrpriz yok, sadece \u015feffafl\u0131k.<\/li>\n<li data-start=\"73\" data-end=\"210\">\n<\/li>\n<\/ul>\n","protected":false},"featured_media":2212,"template":"","meta":{"_acf_changed":false},"product_brand":[27],"product_cat":[196,204,195],"product_tag":[205,203,207],"class_list":{"0":"post-2211","1":"product","2":"type-product","3":"status-publish","4":"has-post-thumbnail","6":"product_brand-variatel-mobile-plans","7":"product_cat-alle-tr","8":"product_cat-bundle-tr","9":"product_cat-sim","10":"product_tag-bundle-tr","11":"product_tag-esim-tr-2","12":"product_tag-varia-xxl-tr","13":"product_shipping_class-postal-sim","15":"first","16":"instock","17":"sold-individually","18":"taxable","19":"shipping-taxable","20":"purchasable","21":"product-type-simple"},"acf":[],"_links":{"self":[{"href":"https:\/\/shop.variatel.de\/index.php?rest_route=\/wp\/v2\/product\/2211","targetHints":{"allow":["GET"]}}],"collection":[{"href":"https:\/\/shop.variatel.de\/index.php?rest_route=\/wp\/v2\/product"}],"about":[{"href":"https:\/\/shop.variatel.de\/index.php?rest_route=\/wp\/v2\/types\/product"}],"version-history":[{"count":1,"href":"https:\/\/shop.variatel.de\/index.php?rest_route=\/wp\/v2\/product\/2211\/revisions"}],"predecessor-version":[{"id":2854,"href":"https:\/\/shop.variatel.de\/index.php?rest_route=\/wp\/v2\/product\/2211\/revisions\/2854"}],"wp:featuredmedia":[{"embeddable":true,"href":"https:\/\/shop.variatel.de\/index.php?rest_route=\/wp\/v2\/media\/2212"}],"wp:attachment":[{"href":"https:\/\/shop.variatel.de\/index.php?rest_route=%2Fwp%2Fv2%2Fmedia&parent=2211"}],"wp:term":[{"taxonomy":"product_brand","embeddable":true,"href":"https:\/\/shop.variatel.de\/index.php?rest_route=%2Fwp%2Fv2%2Fproduct_brand&post=2211"},{"taxonomy":"product_cat","embeddable":true,"href":"https:\/\/shop.variatel.de\/index.php?rest_route=%2Fwp%2Fv2%2Fproduct_cat&post=2211"},{"taxonomy":"product_tag","embeddable":true,"href":"https:\/\/shop.variatel.de\/index.php?rest_route=%2Fwp%2Fv2%2Fproduct_tag&post=2211"}],"curies":[{"name":"wp","href":"https:\/\/api.w.org\/{rel}","templated":true}]}}