{"id":2209,"date":"2025-07-03T10:35:12","date_gmt":"2025-07-03T10:35:12","guid":{"rendered":"https:\/\/shop.variatel.de\/?product=varia-l-sim"},"modified":"2025-07-29T02:28:17","modified_gmt":"2025-07-29T02:28:17","slug":"varia-l-sim","status":"publish","type":"product","link":"https:\/\/shop.variatel.de\/?product=varia-l-sim&lang=tr","title":{"rendered":"Varia L \u2013 SIM"},"content":{"rendered":"<p>Bir casusluk roman\u0131 m\u0131 yoksa bir a\u015fk mektubu mu? 1920\u2019lerden kalma bu vintage daktiloyla yazd\u0131\u011f\u0131n\u0131z her \u015fey mutlaka iz b\u0131rakacakt\u0131r. <\/p>\n","protected":false},"excerpt":{"rendered":"<ul>\n<li data-start=\"99\" data-end=\"235\"><strong data-start=\"99\" data-end=\"141\">19,99 \u20ac En \u00c7ok Satanlar Plan\u0131 \u2013 Maksimum De\u011fer<\/strong><br data-start=\"141\" data-end=\"144\">En pop\u00fcler plan\u0131m\u0131z! Veriler, dakikalar ve esneklikle dolu &#8211; hepsi s\u00f6zle\u015fmesiz. <\/li>\n<li data-start=\"237\" data-end=\"403\"><strong data-start=\"237\" data-end=\"274\">36 GB + 54 GB&#8217;a kadar Sadakat Bonusu<\/strong><br data-start=\"274\" data-end=\"277\">36 GB 5G y\u00fcksek h\u0131zl\u0131 veri (50 Mbit\/sn&#8217;ye kadar) ile g\u00fc\u00e7l\u00fc bir ba\u015flang\u0131\u00e7 yap\u0131n ve zaman i\u00e7inde <strong data-start=\"373\" data-end=\"392\">sadakat \u00f6d\u00fcl\u00fc\u00b9<\/strong> olarak <strong data-start=\"358\" data-end=\"367\">54 GB&#8217;a<\/strong> kadar \u00f6d\u00fcl kazan\u0131n.<\/li>\n<li data-start=\"405\" data-end=\"537\"><strong data-start=\"405\" data-end=\"436\">AB \u00dclkelerine 300 Dakika<\/strong><br data-start=\"436\" data-end=\"439\">Almanya&#8217;dan 30 AB \u00fclkesine 300 dakika i\u00e7erir &#8211; Avrupa \u00e7ap\u0131nda ileti\u015fimde kalmak i\u00e7in m\u00fckemmeldir.<\/li>\n<li data-start=\"539\" data-end=\"659\"><strong data-start=\"539\" data-end=\"576\">35 ekstra \u00fclkeye 200 dakika<\/strong><br data-start=\"576\" data-end=\"579\">Ayr\u0131ca Almanya&#8217;dan 35 ek \u00fclkeye 200 uluslararas\u0131 dakika i\u00e7erir.<\/li>\n<li data-start=\"661\" data-end=\"764\"><strong data-start=\"661\" data-end=\"695\">Almanya i\u00e7inde S\u0131n\u0131rs\u0131z \u00c7a\u011fr\u0131<\/strong><br data-start=\"695\" data-end=\"698\"><strong data-start=\"707\" data-end=\"722\">Allnet Flat&#8217;in<\/strong> keyfini \u00e7\u0131kar\u0131n \u2013 t\u00fcm Alman a\u011flar\u0131na s\u0131n\u0131rs\u0131z arama.<\/li>\n<li data-start=\"766\" data-end=\"854\"><strong data-start=\"766\" data-end=\"789\">AB dola\u015f\u0131m\u0131 dahil<\/strong><br data-start=\"789\" data-end=\"792\">AB&#8217;de \u00f6zg\u00fcrce seyahat edin ve ba\u011flant\u0131da kal\u0131n &#8211; hi\u00e7bir ekstra \u00fccret \u00f6demeden.<\/li>\n<li data-start=\"856\" data-end=\"985\"><strong data-start=\"856\" data-end=\"889\">VoLTE ve WiFi Aramas\u0131 Dahil<\/strong><br data-start=\"889\" data-end=\"892\">VoLTE ve WiFi Arama sayesinde cep telefonu sinyali zay\u0131f oldu\u011funda bile net ses kalitesinin keyfini \u00e7\u0131kar\u0131n.<\/li>\n<li data-start=\"987\" data-end=\"1093\"><strong data-start=\"987\" data-end=\"1019\">S\u00f6zle\u015fmesiz \u2013 Tam Kontrol<\/strong><br data-start=\"1019\" data-end=\"1022\">Taahh\u00fct yok. Gizli masraf yok. Sadece basit, esnek mobil hizmet.  <\/li>\n<li data-start=\"1095\" data-end=\"1175\"><strong data-start=\"1095\" data-end=\"1114\">Kolay Aktivasyon<\/strong><br data-start=\"1114\" data-end=\"1117\">Plan\u0131 istedi\u011finiz zaman arayarak etkinle\u015ftirin:<br data-start=\"1154\" data-end=\"1157\"><strong data-start=\"1157\" data-end=\"1175\">*130*102# \ud83d\udcde<\/strong><\/li>\n<\/ul>\n","protected":false},"featured_media":2210,"template":"","meta":{"_acf_changed":false},"product_brand":[27],"product_cat":[196,204,195],"product_tag":[205,201,209],"class_list":{"0":"post-2209","1":"product","2":"type-product","3":"status-publish","4":"has-post-thumbnail","6":"product_brand-variatel-mobile-plans","7":"product_cat-alle-tr","8":"product_cat-bundle-tr","9":"product_cat-sim","10":"product_tag-bundle-tr","11":"product_tag-sim-tr","12":"product_tag-varia-l-tr","13":"product_shipping_class-postal-sim","15":"first","16":"instock","17":"sold-individually","18":"taxable","19":"shipping-taxable","20":"purchasable","21":"product-type-simple"},"acf":[],"_links":{"self":[{"href":"https:\/\/shop.variatel.de\/index.php?rest_route=\/wp\/v2\/product\/2209","targetHints":{"allow":["GET"]}}],"collection":[{"href":"https:\/\/shop.variatel.de\/index.php?rest_route=\/wp\/v2\/product"}],"about":[{"href":"https:\/\/shop.variatel.de\/index.php?rest_route=\/wp\/v2\/types\/product"}],"version-history":[{"count":1,"href":"https:\/\/shop.variatel.de\/index.php?rest_route=\/wp\/v2\/product\/2209\/revisions"}],"predecessor-version":[{"id":2850,"href":"https:\/\/shop.variatel.de\/index.php?rest_route=\/wp\/v2\/product\/2209\/revisions\/2850"}],"wp:featuredmedia":[{"embeddable":true,"href":"https:\/\/shop.variatel.de\/index.php?rest_route=\/wp\/v2\/media\/2210"}],"wp:attachment":[{"href":"https:\/\/shop.variatel.de\/index.php?rest_route=%2Fwp%2Fv2%2Fmedia&parent=2209"}],"wp:term":[{"taxonomy":"product_brand","embeddable":true,"href":"https:\/\/shop.variatel.de\/index.php?rest_route=%2Fwp%2Fv2%2Fproduct_brand&post=2209"},{"taxonomy":"product_cat","embeddable":true,"href":"https:\/\/shop.variatel.de\/index.php?rest_route=%2Fwp%2Fv2%2Fproduct_cat&post=2209"},{"taxonomy":"product_tag","embeddable":true,"href":"https:\/\/shop.variatel.de\/index.php?rest_route=%2Fwp%2Fv2%2Fproduct_tag&post=2209"}],"curies":[{"name":"wp","href":"https:\/\/api.w.org\/{rel}","templated":true}]}}