{"id":2207,"date":"2025-07-03T10:34:32","date_gmt":"2025-07-03T10:34:32","guid":{"rendered":"https:\/\/shop.variatel.de\/?product=varia-m-sim"},"modified":"2025-07-29T02:28:11","modified_gmt":"2025-07-29T02:28:11","slug":"varia-m-sim","status":"publish","type":"product","link":"https:\/\/shop.variatel.de\/?product=varia-m-sim&lang=tr","title":{"rendered":"Varia M \u2013 SIM"},"content":{"rendered":"<p>Bir casusluk roman\u0131 m\u0131 yoksa bir a\u015fk mektubu mu? 1920\u2019lerden kalma bu vintage daktiloyla yazd\u0131\u011f\u0131n\u0131z her \u015fey mutlaka iz b\u0131rakacakt\u0131r. <\/p>\n","protected":false},"excerpt":{"rendered":"<ul>\n<li data-start=\"88\" data-end=\"203\"><strong data-start=\"88\" data-end=\"123\">14,99 \u20ac Plan \u2013 De\u011ferle Dolu<\/strong><br data-start=\"123\" data-end=\"126\">Daha fazla veri, daha fazla dakika ve tam esnekli\u011fin keyfini \u00e7\u0131kar\u0131n &#8211; \u00fcstelik s\u00f6zle\u015fme yapmadan.<\/li>\n<li data-start=\"205\" data-end=\"380\"><strong data-start=\"205\" data-end=\"242\">22 GB + 33 GB&#8217;a kadar Sadakat Bonusu<\/strong><br data-start=\"242\" data-end=\"245\">22 GB 5G y\u00fcksek h\u0131zl\u0131 veri (50 Mbit\/sn&#8217;ye kadar) ile ba\u015flay\u0131n ve ne kadar uzun s\u00fcre kal\u0131rsan\u0131z <strong data-start=\"340\" data-end=\"359\">sadakat \u00f6d\u00fcl\u00fcm\u00fczle\u00b9<\/strong> <strong data-start=\"321\" data-end=\"330\">33 GB&#8217;a<\/strong> kadar veri a\u00e7\u0131n.<\/li>\n<li data-start=\"382\" data-end=\"477\"><strong data-start=\"382\" data-end=\"413\">AB \u00dclkelerine 150 Dakika<\/strong><br data-start=\"413\" data-end=\"416\">Almanya&#8217;dan 30 AB \u00fclkesine \u00e7a\u011fr\u0131 yap\u0131n &#8211; plan\u0131n\u0131za dahildir.<\/li>\n<li data-start=\"479\" data-end=\"602\"><strong data-start=\"479\" data-end=\"516\">35 ekstra \u00fclkeye 100 dakika<\/strong><br data-start=\"516\" data-end=\"519\">Ayr\u0131ca Almanya&#8217;dan 35 ek uluslararas\u0131 var\u0131\u015f noktas\u0131na 100 dakika i\u00e7erir.<\/li>\n<li data-start=\"604\" data-end=\"720\"><strong data-start=\"604\" data-end=\"638\">Almanya i\u00e7inde S\u0131n\u0131rs\u0131z \u00c7a\u011fr\u0131<\/strong><br data-start=\"638\" data-end=\"641\">Almanya&#8217;daki t\u00fcm a\u011flarda <strong data-start=\"650\" data-end=\"665\">bir Allnet Flat&#8217;in<\/strong> keyfini \u00e7\u0131kar\u0131n \u2013 istedi\u011finiz kadar konu\u015fun.<\/li>\n<li data-start=\"722\" data-end=\"808\"><strong data-start=\"722\" data-end=\"745\">AB dola\u015f\u0131m\u0131 dahil<\/strong><br data-start=\"745\" data-end=\"748\">AB&#8217;de seyahat ederken ba\u011flant\u0131da kal\u0131n &#8211; hi\u00e7bir ekstra \u00fccret \u00f6demeden.<\/li>\n<li data-start=\"810\" data-end=\"918\"><strong data-start=\"810\" data-end=\"843\">VoLTE ve WiFi Aramas\u0131 Dahil<\/strong><br data-start=\"843\" data-end=\"846\">Mobil sinyalin zay\u0131f oldu\u011fu yerlerde bile kristal netli\u011finde ses kalitesi elde edin.<\/li>\n<li data-start=\"920\" data-end=\"1019\"><strong data-start=\"920\" data-end=\"951\">S\u00f6zle\u015fme Yok \u2013 Tam \u00d6zg\u00fcrl\u00fck<\/strong><br data-start=\"951\" data-end=\"954\">Uzun vadeli taahh\u00fct veya gizli \u00fccret yok. Kontrol her zaman sizde. <\/li>\n<li data-start=\"1021\" data-end=\"1102\"><strong data-start=\"1021\" data-end=\"1040\">Kolay Aktivasyon<\/strong><br data-start=\"1040\" data-end=\"1043\">Bu plan\u0131 istedi\u011finiz zaman a\u015fa\u011f\u0131daki tu\u015fu \u00e7evirerek etkinle\u015ftirin:<br data-start=\"1081\" data-end=\"1084\"><strong data-start=\"1084\" data-end=\"1102\">*130*101# \ud83d\udcde<\/strong><\/li>\n<li data-start=\"348\" data-end=\"630\">\n<p data-start=\"350\" data-end=\"630\"><strong data-start=\"350\" data-end=\"377\">Esnek y\u00fckleme se\u00e7enekleri<\/strong><br data-start=\"377\" data-end=\"380\">Rewe, Penny, kiosklar, telefon g\u00f6r\u00fc\u015fmecileri, internet kafeler ve t\u00fcm Deutsche Post \u015fubelerinde bulunan Variatel y\u00fckleme kartlar\u0131yla kolayca \u015farj edin. \u00c7evrimi\u00e7i mi tercih ediyorsunuz? PayPal, banka veya kredi kart\u0131 kullanarak istedi\u011finiz zaman <a class=\"\" href=\"http:\/\/www.variatel.de\" target=\"_new\" rel=\"noopener\" data-start=\"552\" data-end=\"593\">www.variatel.de<\/a> y\u00fckleme yap\u0131n.  <\/p>\n<\/li>\n<li data-start=\"632\" data-end=\"742\">\n<p data-start=\"634\" data-end=\"742\"><strong data-start=\"634\" data-end=\"668\">S\u00f6zle\u015fme Yok \u2013 Tam Esneklik<\/strong><br data-start=\"668\" data-end=\"671\">Ba\u011flay\u0131c\u0131 bir s\u00f6zle\u015fme veya uzun vadeli y\u00fck\u00fcml\u00fcl\u00fck olmadan tam \u00f6zg\u00fcrl\u00fc\u011f\u00fcn tad\u0131n\u0131 \u00e7\u0131kar\u0131n.<\/p>\n<\/li>\n<li data-start=\"744\" data-end=\"858\">\n<p data-start=\"746\" data-end=\"858\"><strong data-start=\"746\" data-end=\"771\">Komple Maliyet Kontrol\u00fc<\/strong><br data-start=\"771\" data-end=\"774\">Kullan\u0131m\u0131n\u0131z\u0131 ve harcamalar\u0131n\u0131z\u0131 her zaman kontrol alt\u0131nda tutun &#8211; s\u00fcrpriz yok, sadece \u015feffafl\u0131k.<\/p>\n<\/li>\n<\/ul>\n","protected":false},"featured_media":2208,"template":"","meta":{"_acf_changed":false},"product_brand":[27],"product_cat":[196,204,195],"product_tag":[205,203,210],"class_list":{"0":"post-2207","1":"product","2":"type-product","3":"status-publish","4":"has-post-thumbnail","6":"product_brand-variatel-mobile-plans","7":"product_cat-alle-tr","8":"product_cat-bundle-tr","9":"product_cat-sim","10":"product_tag-bundle-tr","11":"product_tag-esim-tr-2","12":"product_tag-varia-m-tr","13":"product_shipping_class-postal-sim","15":"first","16":"instock","17":"sold-individually","18":"taxable","19":"shipping-taxable","20":"purchasable","21":"product-type-simple"},"acf":[],"_links":{"self":[{"href":"https:\/\/shop.variatel.de\/index.php?rest_route=\/wp\/v2\/product\/2207","targetHints":{"allow":["GET"]}}],"collection":[{"href":"https:\/\/shop.variatel.de\/index.php?rest_route=\/wp\/v2\/product"}],"about":[{"href":"https:\/\/shop.variatel.de\/index.php?rest_route=\/wp\/v2\/types\/product"}],"version-history":[{"count":1,"href":"https:\/\/shop.variatel.de\/index.php?rest_route=\/wp\/v2\/product\/2207\/revisions"}],"predecessor-version":[{"id":2851,"href":"https:\/\/shop.variatel.de\/index.php?rest_route=\/wp\/v2\/product\/2207\/revisions\/2851"}],"wp:featuredmedia":[{"embeddable":true,"href":"https:\/\/shop.variatel.de\/index.php?rest_route=\/wp\/v2\/media\/2208"}],"wp:attachment":[{"href":"https:\/\/shop.variatel.de\/index.php?rest_route=%2Fwp%2Fv2%2Fmedia&parent=2207"}],"wp:term":[{"taxonomy":"product_brand","embeddable":true,"href":"https:\/\/shop.variatel.de\/index.php?rest_route=%2Fwp%2Fv2%2Fproduct_brand&post=2207"},{"taxonomy":"product_cat","embeddable":true,"href":"https:\/\/shop.variatel.de\/index.php?rest_route=%2Fwp%2Fv2%2Fproduct_cat&post=2207"},{"taxonomy":"product_tag","embeddable":true,"href":"https:\/\/shop.variatel.de\/index.php?rest_route=%2Fwp%2Fv2%2Fproduct_tag&post=2207"}],"curies":[{"name":"wp","href":"https:\/\/api.w.org\/{rel}","templated":true}]}}