{"id":2202,"date":"2025-07-03T08:45:15","date_gmt":"2025-07-03T08:45:15","guid":{"rendered":"https:\/\/shop.variatel.de\/?product=varia-s-esim"},"modified":"2025-07-29T02:28:06","modified_gmt":"2025-07-29T02:28:06","slug":"varia-s-esim","status":"publish","type":"product","link":"https:\/\/shop.variatel.de\/?product=varia-s-esim&lang=tr","title":{"rendered":"Varia S \u2013 eSIM"},"content":{"rendered":"<p>Bir casusluk roman\u0131 m\u0131 yoksa bir a\u015fk mektubu mu? 1920\u2019lerden kalma bu vintage daktiloyla yazd\u0131\u011f\u0131n\u0131z her \u015fey mutlaka iz b\u0131rakacakt\u0131r. <\/p>\n","protected":false},"excerpt":{"rendered":"<p><strong data-start=\"57\" data-end=\"77\"> <\/strong><\/p>\n<ul>\n<li data-start=\"111\" data-end=\"227\">\n<p data-start=\"66\" data-end=\"201\"><strong data-start=\"66\" data-end=\"99\">\u20ac9.99 Tam \u00d6zelliklere Sahip Plan<\/strong><br data-start=\"99\" data-end=\"102\">VARIA S plan\u0131 ile ihtiyac\u0131n\u0131z olan her \u015feye sahip olun &#8211; hepsi her 28 g\u00fcnde bir sadece 9,99 \u20ac kar\u015f\u0131l\u0131\u011f\u0131nda, s\u00f6zle\u015fme olmadan.<\/p>\n<\/li>\n<li data-start=\"111\" data-end=\"227\">\n<p data-start=\"66\" data-end=\"201\"><strong data-start=\"203\" data-end=\"240\">13 GB + 20 GB&#8217;a kadar Sadakat Bonusu<\/strong><br data-start=\"240\" data-end=\"243\">13 GB y\u00fcksek h\u0131zl\u0131 veri (5G, 50 Mbit\/sn&#8217;ye kadar) ile ba\u015flay\u0131n ve ne kadar uzun s\u00fcre kal\u0131rsan\u0131z <strong data-start=\"315\" data-end=\"345\">, sadakat \u00f6d\u00fcl\u00fc olarak 20 GB&#8217;a<\/strong> kadar kazan\u0131n\u00b9.<\/p>\n<\/li>\n<li data-start=\"111\" data-end=\"227\">\n<p data-start=\"66\" data-end=\"201\"><strong data-start=\"368\" data-end=\"392\">200 Dakika Dahil<\/strong><br data-start=\"392\" data-end=\"395\">Almanya i\u00e7inde ve Almanya&#8217;dan 30 AB \u00fclkesine arama yap\u0131n &#8211; <strong data-start=\"453\" data-end=\"476\">AB dola\u015f\u0131m\u0131 dahil<\/strong>.<\/p>\n<\/li>\n<li data-start=\"111\" data-end=\"227\">\n<p data-start=\"66\" data-end=\"201\"><strong data-start=\"479\" data-end=\"497\">Topluluk Dairesi<\/strong><br data-start=\"497\" data-end=\"500\">Di\u011fer Variatel kullan\u0131c\u0131lar\u0131yla s\u0131n\u0131rs\u0131z arama \u2013 arkada\u015flar\u0131n\u0131z ve ailenizle ba\u011flant\u0131da kalmak i\u00e7in idealdir.<\/p>\n<\/li>\n<li data-start=\"111\" data-end=\"227\">\n<p data-start=\"66\" data-end=\"201\"><strong data-start=\"594\" data-end=\"627\">VoLTE ve WiFi Aramas\u0131 Dahil<\/strong><br data-start=\"627\" data-end=\"630\">VoLTE ve WiFi aramas\u0131 sayesinde cep telefonu sinyali zay\u0131f oldu\u011funda bile kristal netli\u011finde ses kalitesinin keyfini \u00e7\u0131kar\u0131n.<\/p>\n<\/li>\n<li data-start=\"111\" data-end=\"227\">\n<p data-start=\"66\" data-end=\"201\"><strong data-start=\"734\" data-end=\"769\">Tam Esneklik \u2013 S\u00f6zle\u015fme Yok<\/strong><br data-start=\"769\" data-end=\"772\">Ba\u011flay\u0131c\u0131 taahh\u00fct ve gizli \u00fccretler olmadan kontrol\u00fc elinizde tutun.<\/p>\n<\/li>\n<li data-start=\"111\" data-end=\"227\">\n<p data-start=\"66\" data-end=\"201\"><strong data-start=\"836\" data-end=\"855\">Kolay Aktivasyon<\/strong><br data-start=\"855\" data-end=\"858\">A\u015fa\u011f\u0131dakileri arayarak plan\u0131 an\u0131nda etkinle\u015ftirin:<br data-start=\"897\" data-end=\"900\"><strong data-start=\"900\" data-end=\"918\">* 130 * 100 # \ud83d\udcde<\/strong><\/p>\n<\/li>\n<li data-start=\"348\" data-end=\"630\">\n<p data-start=\"350\" data-end=\"630\"><strong data-start=\"350\" data-end=\"377\">Esnek y\u00fckleme se\u00e7enekleri<\/strong><br data-start=\"377\" data-end=\"380\">Rewe, Penny, kiosklar, telefon g\u00f6r\u00fc\u015fmecileri, internet kafeler ve t\u00fcm Deutsche Post \u015fubelerinde bulunan Variatel y\u00fckleme kartlar\u0131yla kolayca \u015farj edin. \u00c7evrimi\u00e7i mi tercih ediyorsunuz? PayPal, banka veya kredi kart\u0131 kullanarak istedi\u011finiz zaman <a class=\"\" href=\"http:\/\/www.variatel.de\" target=\"_new\" rel=\"noopener\" data-start=\"552\" data-end=\"593\">www.variatel.de<\/a> y\u00fckleme yap\u0131n.  <\/p>\n<\/li>\n<li data-start=\"632\" data-end=\"742\">\n<p data-start=\"634\" data-end=\"742\"><strong data-start=\"634\" data-end=\"668\">S\u00f6zle\u015fme Yok \u2013 Tam Esneklik<\/strong><br data-start=\"668\" data-end=\"671\">Ba\u011flay\u0131c\u0131 bir s\u00f6zle\u015fme veya uzun vadeli y\u00fck\u00fcml\u00fcl\u00fck olmadan tam \u00f6zg\u00fcrl\u00fc\u011f\u00fcn tad\u0131n\u0131 \u00e7\u0131kar\u0131n.<\/p>\n<\/li>\n<li data-start=\"744\" data-end=\"858\">\n<p data-start=\"746\" data-end=\"858\"><strong data-start=\"746\" data-end=\"771\">Komple Maliyet Kontrol\u00fc<\/strong><br data-start=\"771\" data-end=\"774\">Kullan\u0131m\u0131n\u0131z\u0131 ve harcamalar\u0131n\u0131z\u0131 her zaman kontrol alt\u0131nda tutun &#8211; s\u00fcrpriz yok, sadece \u015feffafl\u0131k.<\/p>\n<\/li>\n<\/ul>\n","protected":false},"featured_media":2203,"template":"","meta":{"_acf_changed":false},"product_brand":[27],"product_cat":[196,204,199],"product_tag":[205,203,211],"class_list":{"0":"post-2202","1":"product","2":"type-product","3":"status-publish","4":"has-post-thumbnail","6":"product_brand-variatel-mobile-plans","7":"product_cat-alle-tr","8":"product_cat-bundle-tr","9":"product_cat-esim","10":"product_tag-bundle-tr","11":"product_tag-esim-tr-2","12":"product_tag-varia-s-tr","13":"product_shipping_class-postal-sim","15":"first","16":"instock","17":"sold-individually","18":"taxable","19":"shipping-taxable","20":"purchasable","21":"product-type-simple"},"acf":[],"_links":{"self":[{"href":"https:\/\/shop.variatel.de\/index.php?rest_route=\/wp\/v2\/product\/2202","targetHints":{"allow":["GET"]}}],"collection":[{"href":"https:\/\/shop.variatel.de\/index.php?rest_route=\/wp\/v2\/product"}],"about":[{"href":"https:\/\/shop.variatel.de\/index.php?rest_route=\/wp\/v2\/types\/product"}],"version-history":[{"count":1,"href":"https:\/\/shop.variatel.de\/index.php?rest_route=\/wp\/v2\/product\/2202\/revisions"}],"predecessor-version":[{"id":2847,"href":"https:\/\/shop.variatel.de\/index.php?rest_route=\/wp\/v2\/product\/2202\/revisions\/2847"}],"wp:featuredmedia":[{"embeddable":true,"href":"https:\/\/shop.variatel.de\/index.php?rest_route=\/wp\/v2\/media\/2203"}],"wp:attachment":[{"href":"https:\/\/shop.variatel.de\/index.php?rest_route=%2Fwp%2Fv2%2Fmedia&parent=2202"}],"wp:term":[{"taxonomy":"product_brand","embeddable":true,"href":"https:\/\/shop.variatel.de\/index.php?rest_route=%2Fwp%2Fv2%2Fproduct_brand&post=2202"},{"taxonomy":"product_cat","embeddable":true,"href":"https:\/\/shop.variatel.de\/index.php?rest_route=%2Fwp%2Fv2%2Fproduct_cat&post=2202"},{"taxonomy":"product_tag","embeddable":true,"href":"https:\/\/shop.variatel.de\/index.php?rest_route=%2Fwp%2Fv2%2Fproduct_tag&post=2202"}],"curies":[{"name":"wp","href":"https:\/\/api.w.org\/{rel}","templated":true}]}}