{"id":2176,"date":"2025-06-12T23:37:05","date_gmt":"2025-06-12T23:37:05","guid":{"rendered":"https:\/\/shop.variatel.de\/?product=starter-pack-with-10e-credit-esim"},"modified":"2025-07-29T02:04:30","modified_gmt":"2025-07-29T02:04:30","slug":"starter-pack-with-10e-credit-esim","status":"publish","type":"product","link":"https:\/\/shop.variatel.de\/?product=starter-pack-with-10e-credit-esim&lang=tr","title":{"rendered":"10\u202f\u20ac bakiyeli ba\u015flang\u0131\u00e7 paketi \u2013 eSIM"},"content":{"rendered":"\t\t<div data-elementor-type=\"product-post\" data-elementor-id=\"2176\" class=\"elementor elementor-2176 elementor-268\" data-elementor-post-type=\"product\">\n\t\t\t\t\t\t<section class=\"elementor-section elementor-top-section elementor-element elementor-element-56b6333 elementor-section-boxed elementor-section-height-default elementor-section-height-default\" data-id=\"56b6333\" data-element_type=\"section\" data-e-type=\"section\">\n\t\t\t\t\t\t<div class=\"elementor-container elementor-column-gap-default\">\n\t\t\t\t\t<div class=\"elementor-column elementor-col-100 elementor-top-column elementor-element elementor-element-716c322\" data-id=\"716c322\" data-element_type=\"column\" data-e-type=\"column\">\n\t\t\t<div class=\"elementor-widget-wrap elementor-element-populated\">\n\t\t\t\t\t\t<div class=\"elementor-element elementor-element-d96024f elementor-widget elementor-widget-spacer\" data-id=\"d96024f\" data-element_type=\"widget\" data-e-type=\"widget\" data-widget_type=\"spacer.default\">\n\t\t\t\t<div class=\"elementor-widget-container\">\n\t\t\t\t\t\t\t<div class=\"elementor-spacer\">\n\t\t\t<div class=\"elementor-spacer-inner\"><\/div>\n\t\t<\/div>\n\t\t\t\t\t\t<\/div>\n\t\t\t\t<\/div>\n\t\t\t\t\t<\/div>\n\t\t<\/div>\n\t\t\t\t\t<\/div>\n\t\t<\/section>\n\t\t\t\t<section class=\"elementor-section elementor-top-section elementor-element elementor-element-09d50a8 elementor-section-content-middle elementor-section-boxed elementor-section-height-default elementor-section-height-default\" data-id=\"09d50a8\" data-element_type=\"section\" data-e-type=\"section\">\n\t\t\t\t\t\t<div class=\"elementor-container elementor-column-gap-default\">\n\t\t\t\t\t<div class=\"elementor-column elementor-col-100 elementor-top-column elementor-element elementor-element-1b8bb3d\" data-id=\"1b8bb3d\" data-element_type=\"column\" data-e-type=\"column\">\n\t\t\t<div class=\"elementor-widget-wrap elementor-element-populated\">\n\t\t\t\t\t\t<div class=\"elementor-element elementor-element-0c77645 elementor-widget elementor-widget-woocommerce-product-title elementor-page-title elementor-widget-heading\" data-id=\"0c77645\" data-element_type=\"widget\" data-e-type=\"widget\" data-widget_type=\"woocommerce-product-title.default\">\n\t\t\t\t<div class=\"elementor-widget-container\">\n\t\t\t\t\t<h1 class=\"product_title entry-title elementor-heading-title elementor-size-default\">10\u202f\u20ac bakiyeli ba\u015flang\u0131\u00e7 paketi \u2013 eSIM<\/h1>\t\t\t\t<\/div>\n\t\t\t\t<\/div>\n\t\t\t\t<div class=\"elementor-element elementor-element-48fbb52 elementor-widget elementor-widget-woocommerce-product-images\" data-id=\"48fbb52\" data-element_type=\"widget\" data-e-type=\"widget\" data-widget_type=\"woocommerce-product-images.default\">\n\t\t\t\t<div class=\"elementor-widget-container\">\n\t\t\t\t\t<div class=\"woocommerce-product-gallery woocommerce-product-gallery--with-images woocommerce-product-gallery--columns-4 images\" data-columns=\"4\" style=\"opacity: 0; transition: opacity .25s ease-in-out;\">\n\t<div class=\"woocommerce-product-gallery__wrapper\">\n\t\t<div data-thumb=\"https:\/\/shop.variatel.de\/wp-content\/uploads\/2025\/06\/VT-eSim-10E-1.jpg\" data-thumb-alt=\"10\u202f\u20ac bakiyeli ba\u015flang\u0131\u00e7 paketi \u2013 eSIM\" data-thumb-srcset=\"\"  data-thumb-sizes=\"(max-width: 69px) 100vw, 69px\" class=\"woocommerce-product-gallery__image\"><a href=\"https:\/\/shop.variatel.de\/wp-content\/uploads\/2025\/06\/VT-eSim-10E-1.jpg\"><img fetchpriority=\"high\" decoding=\"async\" width=\"600\" height=\"869\" src=\"https:\/\/shop.variatel.de\/wp-content\/uploads\/2025\/06\/VT-eSim-10E-1.jpg\" class=\"wp-post-image\" alt=\"10\u202f\u20ac bakiyeli ba\u015flang\u0131\u00e7 paketi \u2013 eSIM\" data-caption=\"\" data-src=\"https:\/\/shop.variatel.de\/wp-content\/uploads\/2025\/06\/VT-eSim-10E-1.jpg\" data-large_image=\"https:\/\/shop.variatel.de\/wp-content\/uploads\/2025\/06\/VT-eSim-10E-1.jpg\" data-large_image_width=\"2350\" data-large_image_height=\"3404\" \/><\/a><\/div><div data-thumb=\"https:\/\/shop.variatel.de\/wp-content\/uploads\/2025\/06\/VT-Sim_Back.jpg\" data-thumb-alt=\"10\u202f\u20ac bakiyeli ba\u015flang\u0131\u00e7 paketi \u2013 eSIM - Image 2\" data-thumb-srcset=\"\"  data-thumb-sizes=\"(max-width: 69px) 100vw, 69px\" class=\"woocommerce-product-gallery__image\"><a href=\"https:\/\/shop.variatel.de\/wp-content\/uploads\/2025\/06\/VT-Sim_Back.jpg\"><img decoding=\"async\" width=\"600\" height=\"869\" src=\"https:\/\/shop.variatel.de\/wp-content\/uploads\/2025\/06\/VT-Sim_Back.jpg\" class=\"\" alt=\"10\u202f\u20ac bakiyeli ba\u015flang\u0131\u00e7 paketi \u2013 eSIM - Image 2\" data-caption=\"\" data-src=\"https:\/\/shop.variatel.de\/wp-content\/uploads\/2025\/06\/VT-Sim_Back.jpg\" data-large_image=\"https:\/\/shop.variatel.de\/wp-content\/uploads\/2025\/06\/VT-Sim_Back.jpg\" data-large_image_width=\"2350\" data-large_image_height=\"3404\" \/><\/a><\/div>\t<\/div>\n<\/div>\n\t\t\t\t<\/div>\n\t\t\t\t<\/div>\n\t\t\t\t<div class=\"elementor-element elementor-element-dbd7b03 elementor-widget elementor-widget-woocommerce-product-short-description\" data-id=\"dbd7b03\" data-element_type=\"widget\" data-e-type=\"widget\" data-widget_type=\"woocommerce-product-short-description.default\">\n\t\t\t\t<div class=\"elementor-widget-container\">\n\t\t\t\t\t<div class=\"woocommerce-product-details__short-description\">\n\t<p><strong>eSIM<\/strong><\/p>\n<ul>\n<li data-start=\"111\" data-end=\"227\">\n<p data-start=\"113\" data-end=\"227\"><strong data-start=\"113\" data-end=\"138\">7,50\u202f\u20ac Ba\u015flang\u0131\u00e7 Bakiyesi<\/strong><br data-start=\"138\" data-end=\"141\">SIM kart\u0131n\u0131z, hemen kullan\u0131ma haz\u0131r \u015fekilde 7,50\u202f\u20ac ba\u015flang\u0131\u00e7 bakiyesi ile \u00f6nceden y\u00fcklenmi\u015f olarak gelir.<\/p>\n<\/li>\n<li data-start=\"229\" data-end=\"346\">\n<p data-start=\"231\" data-end=\"346\"><strong data-start=\"231\" data-end=\"262\">\u0130lk Bakiye Y\u00fcklemenize 2,50\u202f\u20ac Bonus<\/strong><br data-start=\"262\" data-end=\"265\">\u0130lk bakiye y\u00fcklemenizde ekstra 2,50\u202f\u20ac kazan\u0131n \u2014 ek \u00fccret \u00f6demeden daha fazla de\u011fer.<\/p>\n<\/li>\n<li data-start=\"348\" data-end=\"630\">\n<p data-start=\"350\" data-end=\"630\"><strong data-start=\"350\" data-end=\"377\">Esnek Bakiye Y\u00fckleme Se\u00e7enekleri<\/strong><br data-start=\"377\" data-end=\"380\">Rewe, Penny, b\u00fcfeler, telefon kul\u00fcbeleri, internet kafeler ve t\u00fcm Deutsche Post \u015fubelerinde bulunan Variatel y\u00fckleme kartlar\u0131yla kolayca bakiye y\u00fckleyin.<br \/>\u00c7evrimi\u00e7i tercih mi ediyorsunuz? <a class=\"\" href=\"http:\/\/www.variatel.de\" target=\"_new\" rel=\"noopener\" data-start=\"552\" data-end=\"593\">www.variatel.de<\/a> adresinden diledi\u011finiz zaman PayPal, banka kart\u0131 veya kredi kart\u0131yla bakiye y\u00fckleyebilirsiniz.  <\/p>\n<\/li>\n<li data-start=\"632\" data-end=\"742\">\n<p data-start=\"634\" data-end=\"742\"><strong data-start=\"634\" data-end=\"668\">S\u00f6zle\u015fme Yok \u2013 Tam Esneklik<\/strong><br data-start=\"668\" data-end=\"671\">Herhangi bir ba\u011flay\u0131c\u0131 s\u00f6zle\u015fme veya uzun vadeli taahh\u00fct olmadan tam \u00f6zg\u00fcrl\u00fc\u011f\u00fcn keyfini \u00e7\u0131kar\u0131n.<\/p>\n<\/li>\n<li data-start=\"744\" data-end=\"858\">\n<p data-start=\"746\" data-end=\"858\"><strong data-start=\"746\" data-end=\"771\">Tam Maliyet Kontrol\u00fc<\/strong><br data-start=\"771\" data-end=\"774\">Kullan\u0131m\u0131n\u0131z\u0131 ve harcamalar\u0131n\u0131z\u0131 her zaman kontrol alt\u0131nda tutun \u2014 s\u00fcrpriz yok, sadece \u015feffafl\u0131k.<\/p>\n<\/li>\n<\/ul>\n<\/div>\n\t\t\t\t<\/div>\n\t\t\t\t<\/div>\n\t\t\t\t<div class=\"elementor-element elementor-element-980a8a7 elementor-widget elementor-widget-woocommerce-product-price\" data-id=\"980a8a7\" data-element_type=\"widget\" data-e-type=\"widget\" data-widget_type=\"woocommerce-product-price.default\">\n\t\t\t\t<div class=\"elementor-widget-container\">\n\t\t\t\t\t<p class=\"price\"><span class=\"woocommerce-Price-amount amount\"><bdi>10,00&nbsp;<span class=\"woocommerce-Price-currencySymbol\">&euro;<\/span><\/bdi><\/span><\/p>\n\t\t\t\t<\/div>\n\t\t\t\t<\/div>\n\t\t\t\t<div class=\"elementor-element elementor-element-7f166a6 elementor-add-to-cart--align-center elementor-widget elementor-widget-wc-add-to-cart\" data-id=\"7f166a6\" data-element_type=\"widget\" data-e-type=\"widget\" data-widget_type=\"wc-add-to-cart.default\">\n\t\t\t\t<div class=\"elementor-widget-container\">\n\t\t\t\t\t\t\t\t\t<div class=\"elementor-button-wrapper\">\n\t\t\t\t\t<a rel=\"nofollow\" href=\"\/index.php?rest_route=%2Fwp%2Fv2%2Fproduct%2F2176&amp;add-to-cart=2176\" data-quantity=\"1\" data-product_id=\"2176\" class=\"product_type_simple add_to_cart_button ajax_add_to_cart elementor-button elementor-size-sm\" role=\"button\">\n\t\t\t\t\t\t<span class=\"elementor-button-content-wrapper\">\n\t\t\t\t\t\t<span class=\"elementor-button-icon\">\n\t\t\t\t<svg aria-hidden=\"true\" class=\"e-font-icon-svg e-fas-shopping-cart\" viewBox=\"0 0 576 512\" xmlns=\"http:\/\/www.w3.org\/2000\/svg\"><path d=\"M528.12 301.319l47.273-208C578.806 78.301 567.391 64 551.99 64H159.208l-9.166-44.81C147.758 8.021 137.93 0 126.529 0H24C10.745 0 0 10.745 0 24v16c0 13.255 10.745 24 24 24h69.883l70.248 343.435C147.325 417.1 136 435.222 136 456c0 30.928 25.072 56 56 56s56-25.072 56-56c0-15.674-6.447-29.835-16.824-40h209.647C430.447 426.165 424 440.326 424 456c0 30.928 25.072 56 56 56s56-25.072 56-56c0-22.172-12.888-41.332-31.579-50.405l5.517-24.276c3.413-15.018-8.002-29.319-23.403-29.319H218.117l-6.545-32h293.145c11.206 0 20.92-7.754 23.403-18.681z\"><\/path><\/svg>\t\t\t<\/span>\n\t\t\t\t\t\t\t\t\t<span class=\"elementor-button-text\">Sepete Ekle<\/span>\n\t\t\t\t\t<\/span>\n\t\t\t\t\t<\/a>\n\t\t\t\t<\/div>\n\t\t\t\t\t\t\t\t<\/div>\n\t\t\t\t<\/div>\n\t\t\t\t\t<\/div>\n\t\t<\/div>\n\t\t\t\t\t<\/div>\n\t\t<\/section>\n\t\t\t\t<\/div>\n\t\t","protected":false},"excerpt":{"rendered":"<p><strong>eSIM<\/strong><\/p>\n<ul>\n<li data-start=\"111\" data-end=\"227\">\n<p data-start=\"113\" data-end=\"227\"><strong data-start=\"113\" data-end=\"138\">7,50\u202f\u20ac Ba\u015flang\u0131\u00e7 Bakiyesi<\/strong><br data-start=\"138\" data-end=\"141\">SIM kart\u0131n\u0131z, hemen kullan\u0131ma haz\u0131r \u015fekilde 7,50\u202f\u20ac ba\u015flang\u0131\u00e7 bakiyesi ile \u00f6nceden y\u00fcklenmi\u015f olarak gelir.<\/p>\n<\/li>\n<li data-start=\"229\" data-end=\"346\">\n<p data-start=\"231\" data-end=\"346\"><strong data-start=\"231\" data-end=\"262\">\u0130lk Bakiye Y\u00fcklemenize 2,50\u202f\u20ac Bonus<\/strong><br data-start=\"262\" data-end=\"265\">\u0130lk bakiye y\u00fcklemenizde ekstra 2,50\u202f\u20ac kazan\u0131n \u2014 ek \u00fccret \u00f6demeden daha fazla de\u011fer.<\/p>\n<\/li>\n<li data-start=\"348\" data-end=\"630\">\n<p data-start=\"350\" data-end=\"630\"><strong data-start=\"350\" data-end=\"377\">Esnek Bakiye Y\u00fckleme Se\u00e7enekleri<\/strong><br data-start=\"377\" data-end=\"380\">Rewe, Penny, b\u00fcfeler, telefon kul\u00fcbeleri, internet kafeler ve t\u00fcm Deutsche Post \u015fubelerinde bulunan Variatel y\u00fckleme kartlar\u0131yla kolayca bakiye y\u00fckleyin.<br \/>\u00c7evrimi\u00e7i tercih mi ediyorsunuz? <a class=\"\" href=\"http:\/\/www.variatel.de\" target=\"_new\" rel=\"noopener\" data-start=\"552\" data-end=\"593\">www.variatel.de<\/a> adresinden diledi\u011finiz zaman PayPal, banka kart\u0131 veya kredi kart\u0131yla bakiye y\u00fckleyebilirsiniz.  <\/p>\n<\/li>\n<li data-start=\"632\" data-end=\"742\">\n<p data-start=\"634\" data-end=\"742\"><strong data-start=\"634\" data-end=\"668\">S\u00f6zle\u015fme Yok \u2013 Tam Esneklik<\/strong><br data-start=\"668\" data-end=\"671\">Herhangi bir ba\u011flay\u0131c\u0131 s\u00f6zle\u015fme veya uzun vadeli taahh\u00fct olmadan tam \u00f6zg\u00fcrl\u00fc\u011f\u00fcn keyfini \u00e7\u0131kar\u0131n.<\/p>\n<\/li>\n<li data-start=\"744\" data-end=\"858\">\n<p data-start=\"746\" data-end=\"858\"><strong data-start=\"746\" data-end=\"771\">Tam Maliyet Kontrol\u00fc<\/strong><br data-start=\"771\" data-end=\"774\">Kullan\u0131m\u0131n\u0131z\u0131 ve harcamalar\u0131n\u0131z\u0131 her zaman kontrol alt\u0131nda tutun \u2014 s\u00fcrpriz yok, sadece \u015feffafl\u0131k.<\/p>\n<\/li>\n<\/ul>\n","protected":false},"featured_media":2182,"template":"","meta":{"_acf_changed":false},"product_brand":[27],"product_cat":[196,199,197],"product_tag":[202,203],"class_list":{"0":"post-2176","1":"product","2":"type-product","3":"status-publish","4":"has-post-thumbnail","6":"product_brand-variatel-mobile-plans","7":"product_cat-alle-tr","8":"product_cat-esim","9":"product_cat-starter-tr","10":"product_tag-10e-balance-tr","11":"product_tag-esim-tr-2","12":"product_shipping_class-postal-sim","14":"first","15":"instock","16":"sold-individually","17":"taxable","18":"shipping-taxable","19":"purchasable","20":"product-type-simple"},"acf":[],"_links":{"self":[{"href":"https:\/\/shop.variatel.de\/index.php?rest_route=\/wp\/v2\/product\/2176","targetHints":{"allow":["GET"]}}],"collection":[{"href":"https:\/\/shop.variatel.de\/index.php?rest_route=\/wp\/v2\/product"}],"about":[{"href":"https:\/\/shop.variatel.de\/index.php?rest_route=\/wp\/v2\/types\/product"}],"version-history":[{"count":3,"href":"https:\/\/shop.variatel.de\/index.php?rest_route=\/wp\/v2\/product\/2176\/revisions"}],"predecessor-version":[{"id":2419,"href":"https:\/\/shop.variatel.de\/index.php?rest_route=\/wp\/v2\/product\/2176\/revisions\/2419"}],"wp:featuredmedia":[{"embeddable":true,"href":"https:\/\/shop.variatel.de\/index.php?rest_route=\/wp\/v2\/media\/2182"}],"wp:attachment":[{"href":"https:\/\/shop.variatel.de\/index.php?rest_route=%2Fwp%2Fv2%2Fmedia&parent=2176"}],"wp:term":[{"taxonomy":"product_brand","embeddable":true,"href":"https:\/\/shop.variatel.de\/index.php?rest_route=%2Fwp%2Fv2%2Fproduct_brand&post=2176"},{"taxonomy":"product_cat","embeddable":true,"href":"https:\/\/shop.variatel.de\/index.php?rest_route=%2Fwp%2Fv2%2Fproduct_cat&post=2176"},{"taxonomy":"product_tag","embeddable":true,"href":"https:\/\/shop.variatel.de\/index.php?rest_route=%2Fwp%2Fv2%2Fproduct_tag&post=2176"}],"curies":[{"name":"wp","href":"https:\/\/api.w.org\/{rel}","templated":true}]}}