{"id":2174,"date":"2025-06-12T23:36:38","date_gmt":"2025-06-12T23:36:38","guid":{"rendered":"https:\/\/shop.variatel.de\/?product=starter-pack-with-10e-credit-physical-sim"},"modified":"2025-07-29T02:03:05","modified_gmt":"2025-07-29T02:03:05","slug":"starter-pack-with-10e-credit-physical-sim","status":"publish","type":"product","link":"https:\/\/shop.variatel.de\/?product=starter-pack-with-10e-credit-physical-sim&lang=tr","title":{"rendered":"10\u20ac bakiyeli ba\u015flang\u0131\u00e7 paketi \u2013 Fiziksel SIM"},"content":{"rendered":"<p>Bir casusluk roman\u0131 m\u0131 yoksa bir a\u015fk mektubu mu? 1920\u2019lerden kalma bu vintage daktiloyla yazd\u0131\u011f\u0131n\u0131z her \u015fey mutlaka iz b\u0131rakacakt\u0131r. <\/p>\n","protected":false},"excerpt":{"rendered":"<p><strong data-start=\"57\" data-end=\"77\"> <\/strong><\/p>\n<ul>\n<li data-start=\"111\" data-end=\"227\">\n<p data-start=\"113\" data-end=\"227\"><strong data-start=\"113\" data-end=\"138\">7,50\u202f\u20ac Ba\u015flang\u0131\u00e7 Bakiyesi<\/strong><br data-start=\"138\" data-end=\"141\">SIM kart\u0131n\u0131z, hemen kullan\u0131ma haz\u0131r \u015fekilde 7,50\u202f\u20ac ba\u015flang\u0131\u00e7 bakiyesiyle \u00f6nceden y\u00fcklenmi\u015f olarak gelir.<\/p>\n<\/li>\n<li data-start=\"229\" data-end=\"346\">\n<p data-start=\"231\" data-end=\"346\"><strong data-start=\"231\" data-end=\"262\">\u0130lk Bakiye Y\u00fcklemenize 2,50\u202f\u20ac Bonus<\/strong><br data-start=\"262\" data-end=\"265\">\u0130lk y\u00fcklemenizi yapt\u0131\u011f\u0131n\u0131zda ekstra 2,50\u202f\u20ac kazan\u0131n \u2014 ek \u00fccret \u00f6demeden daha fazla avantaj elde edin.<\/p>\n<\/li>\n<li data-start=\"348\" data-end=\"630\">\n<p data-start=\"350\" data-end=\"630\"><strong data-start=\"350\" data-end=\"377\">Flexible Top-Up Options<\/strong><br data-start=\"377\" data-end=\"380\">Recharge easily with Variatel top-up cards available at Rewe, Penny, kiosks, call shops, internet caf\u00e9s, and all Deutsche Post branches. Prefer online? Top up anytime at <a class=\"\" href=\"http:\/\/www.variatel.de\" target=\"_new\" rel=\"noopener\" data-start=\"552\" data-end=\"593\">www.variatel.de<\/a> using PayPal, debit, or credit card.  <\/p>\n<\/li>\n<li data-start=\"632\" data-end=\"742\">\n<p data-start=\"634\" data-end=\"742\"><strong data-start=\"634\" data-end=\"668\">S\u00f6zle\u015fme Yok \u2013 Tam Esneklik<\/strong><br data-start=\"668\" data-end=\"671\">Hi\u00e7bir ba\u011flay\u0131c\u0131 s\u00f6zle\u015fme veya uzun vadeli taahh\u00fct olmadan tam \u00f6zg\u00fcrl\u00fc\u011f\u00fcn keyfini \u00e7\u0131kar\u0131n.<\/p>\n<\/li>\n<li data-start=\"744\" data-end=\"858\">\n<p data-start=\"746\" data-end=\"858\"><strong data-start=\"746\" data-end=\"771\">Tam Maliyet Kontrol\u00fc<\/strong><br data-start=\"771\" data-end=\"774\">Kullan\u0131m\u0131n\u0131z\u0131 ve harcamalar\u0131n\u0131z\u0131 her zaman kontrol alt\u0131nda tutun \u2014 s\u00fcrpriz yok, sadece \u015feffafl\u0131k.<\/p>\n<\/li>\n<\/ul>\n","protected":false},"featured_media":2175,"template":"","meta":{"_acf_changed":false},"product_brand":[27],"product_cat":[196,195,197],"product_tag":[202,201],"class_list":{"0":"post-2174","1":"product","2":"type-product","3":"status-publish","4":"has-post-thumbnail","6":"product_brand-variatel-mobile-plans","7":"product_cat-alle-tr","8":"product_cat-sim","9":"product_cat-starter-tr","10":"product_tag-10e-balance-tr","11":"product_tag-sim-tr","12":"product_shipping_class-postal-sim","14":"first","15":"instock","16":"sold-individually","17":"taxable","18":"shipping-taxable","19":"purchasable","20":"product-type-simple"},"acf":[],"_links":{"self":[{"href":"https:\/\/shop.variatel.de\/index.php?rest_route=\/wp\/v2\/product\/2174","targetHints":{"allow":["GET"]}}],"collection":[{"href":"https:\/\/shop.variatel.de\/index.php?rest_route=\/wp\/v2\/product"}],"about":[{"href":"https:\/\/shop.variatel.de\/index.php?rest_route=\/wp\/v2\/types\/product"}],"version-history":[{"count":1,"href":"https:\/\/shop.variatel.de\/index.php?rest_route=\/wp\/v2\/product\/2174\/revisions"}],"predecessor-version":[{"id":2413,"href":"https:\/\/shop.variatel.de\/index.php?rest_route=\/wp\/v2\/product\/2174\/revisions\/2413"}],"wp:featuredmedia":[{"embeddable":true,"href":"https:\/\/shop.variatel.de\/index.php?rest_route=\/wp\/v2\/media\/2175"}],"wp:attachment":[{"href":"https:\/\/shop.variatel.de\/index.php?rest_route=%2Fwp%2Fv2%2Fmedia&parent=2174"}],"wp:term":[{"taxonomy":"product_brand","embeddable":true,"href":"https:\/\/shop.variatel.de\/index.php?rest_route=%2Fwp%2Fv2%2Fproduct_brand&post=2174"},{"taxonomy":"product_cat","embeddable":true,"href":"https:\/\/shop.variatel.de\/index.php?rest_route=%2Fwp%2Fv2%2Fproduct_cat&post=2174"},{"taxonomy":"product_tag","embeddable":true,"href":"https:\/\/shop.variatel.de\/index.php?rest_route=%2Fwp%2Fv2%2Fproduct_tag&post=2174"}],"curies":[{"name":"wp","href":"https:\/\/api.w.org\/{rel}","templated":true}]}}